{"id":10789,"date":"2024-07-12T23:48:48","date_gmt":"2024-07-12T23:48:48","guid":{"rendered":"https:\/\/ciclopistas.com\/?post_type=product&#038;p=10789"},"modified":"2024-08-20T17:39:34","modified_gmt":"2024-08-20T17:39:34","slug":"brio-1000-delineator-post","status":"publish","type":"product","link":"https:\/\/ciclovias.es\/en\/producto\/brio-1000-delineator-post\/","title":{"rendered":"Brio 1000 Delineator Post"},"content":{"rendered":"<p style=\"font-weight: 400;\">Discover traffic delineation with Brio 1000 Delineator Post of POLIFLEXY\u00ae, signal posts that prevent non-desired vehicle invasions. Manufactured with innovative technology in new generation plastic.<\/p>\n<p style=\"font-weight: 400;\">Its multi-faceted application from channelized bike ways to shared lanes with public transports. Traffic delineation ensure a clear and durable signage on bike paths, and adapt to any cyclist environment.<\/p>\n<p style=\"font-weight: 400;\"><strong>Key Features:<\/strong><\/p>\n<p style=\"font-weight: 400;\">Extreme Flexibility: Recovers original shape after being run over without damaging vehicles neither structure or tires.<\/p>\n<p style=\"font-weight: 400;\">Robust Construction: Unique body without spare parts, avoiding risk of detachment.<\/p>\n<p style=\"font-weight: 400;\">Optimal Visibility: Equipped with prismatic reflective sheeting rings, protected by a brilliant and durable cyclist signage.<\/p>\n<p style=\"font-weight: 400;\">Safe Installation: Firm anchoring with button head screws, flat washers and extra large anchors for a safe and stable fastening.<\/p>\n<p style=\"font-weight: 400;\">Available in standard colors as yellow and orange, the POLIFLEXY\u00ae brio 1000 delineator posts can adapt to any bike way type. From protecting areas intended to cyclists to improve safety of these in any environment, these posts are the intelligent choice for your projects focused on sustainable transport.<\/p>\n<p style=\"font-weight: 400;\">Guarantee cyclist safety and efficiency with the POLIFLEXY\u00ae delineator posts, designed to resist and protect in any situation.<\/p>\n<p style=\"font-weight: 400;\">Help to the construction of a better <a href=\"https:\/\/multisenal.com.mx\/blog\/infraestructura-y-equipamiento-ciclista-que-es\/\">cyclist infrastructure<\/a>.<\/p>\n<p style=\"font-weight: 400;\">Explore our <a href=\"https:\/\/ciclopistas.com\/productos-ciclovias\/\">complete catalog<\/a> with all the accessories for bike paths to create a correct urban signage.<\/p>\n<p style=\"font-weight: 400;\">Install the delineator posts on strategical points of bike paths and provide greater safety to bike drivers.<\/p>\n<p style=\"font-weight: 400;\"><strong>Measurements:<\/strong><\/p>\n<ul>\n<li>Height: 100.0 cm<\/li>\n<li>Body Diameter: 10.6 cm<\/li>\n<li>Base Diameter: 18.0 cm<\/li>\n<li>Color: White, yellow, orange, green and blue<\/li>\n<li>Reflective Sheeting Color: White<\/li>\n<\/ul>\n","protected":false},"excerpt":{"rendered":"<p><strong>Product Name: Baliza Brio &#8211; 1000<\/strong><\/p>\n<p><strong>SKU: BBRIO-1000<\/strong><\/p>\n<table>\n<tbody>\n<tr>\n<td style=\"text-align: center;\"><strong>SPANISH<\/strong><\/td>\n<td style=\"text-align: center;\"><strong>ENGLISH<\/strong><\/td>\n<\/tr>\n<tr>\n<td><a href=\"https:\/\/multisenal.com.mx\/FichasTecnicas\/Baliza-BBRIO-1000-ES.pdf\"><img decoding=\"async\" class=\"wp-image-5524 aligncenter\" src=\"https:\/\/ciclopistas.com\/wp-content\/uploads\/2024\/06\/img-pdf-ciclopistas.webp\" alt=\"\" width=\"49\" height=\"49\" \/><\/a><\/td>\n<td><a href=\"https:\/\/multisenal.com.mx\/FichasTecnicas\/Baliza-BBRIO-1000-EN.pdf\"><img decoding=\"async\" class=\"wp-image-5524 aligncenter\" src=\"https:\/\/ciclopistas.com\/wp-content\/uploads\/2024\/06\/img-pdf-ciclopistas.webp\" alt=\"\" width=\"49\" height=\"49\" \/><\/a><\/td>\n<\/tr>\n<\/tbody>\n<\/table>\n","protected":false},"featured_media":4609,"comment_status":"open","ping_status":"closed","template":"","meta":[],"product_cat":[67],"product_tag":[],"class_list":{"0":"post-10789","1":"product","2":"type-product","3":"status-publish","4":"has-post-thumbnail","6":"product_cat-road-delineation-en","8":"first","9":"instock","10":"shipping-taxable","11":"product-type-simple"},"yoast_head":"<!-- This site is optimized with the Yoast SEO Premium plugin v22.3 (Yoast SEO v23.0) - https:\/\/yoast.com\/wordpress\/plugins\/seo\/ -->\n<title>Brio 1000 Delineator Post - ciclopistas.com<\/title>\n<meta name=\"description\" content=\"Available in standard colors as yellow and orange, the POLIFLEXY\u00ae brio 1000 delineator posts can adapt to any bike way type.\" \/>\n<meta name=\"robots\" content=\"index, follow, max-snippet:-1, max-image-preview:large, max-video-preview:-1\" \/>\n<link rel=\"canonical\" href=\"https:\/\/ciclovias.es\/en\/producto\/brio-1000-delineator-post\/\" \/>\n<meta property=\"og:locale\" content=\"en_US\" \/>\n<meta property=\"og:type\" content=\"article\" \/>\n<meta property=\"og:title\" content=\"Brio 1000 Delineator Post\" \/>\n<meta property=\"og:description\" content=\"Available in standard colors as yellow and orange, the POLIFLEXY\u00ae brio 1000 delineator posts can adapt to any bike way type.\" \/>\n<meta property=\"og:url\" content=\"https:\/\/ciclovias.es\/en\/producto\/brio-1000-delineator-post\/\" \/>\n<meta property=\"og:site_name\" content=\"ciclopistas.com\" \/>\n<meta property=\"article:publisher\" content=\"https:\/\/www.facebook.com\/multisenal\/\" \/>\n<meta property=\"article:modified_time\" content=\"2024-08-20T17:39:34+00:00\" \/>\n<meta property=\"og:image\" content=\"https:\/\/ciclovias.es\/wp-content\/uploads\/2024\/06\/BALIZA-BRIO-1000.webp\" \/>\n\t<meta property=\"og:image:width\" content=\"1200\" \/>\n\t<meta property=\"og:image:height\" content=\"1200\" \/>\n\t<meta property=\"og:image:type\" content=\"image\/webp\" \/>\n<meta name=\"twitter:card\" content=\"summary_large_image\" \/>\n<meta name=\"twitter:site\" content=\"@multisenal\" \/>\n<meta name=\"twitter:label1\" content=\"Est. reading time\" \/>\n\t<meta name=\"twitter:data1\" content=\"2 minutes\" \/>\n<script type=\"application\/ld+json\" class=\"yoast-schema-graph\">{\"@context\":\"https:\/\/schema.org\",\"@graph\":[{\"@type\":\"WebPage\",\"@id\":\"https:\/\/ciclovias.es\/en\/producto\/brio-1000-delineator-post\/\",\"url\":\"https:\/\/ciclovias.es\/en\/producto\/brio-1000-delineator-post\/\",\"name\":\"Brio 1000 Delineator Post - ciclopistas.com\",\"isPartOf\":{\"@id\":\"https:\/\/ciclovias.es\/#website\"},\"primaryImageOfPage\":{\"@id\":\"https:\/\/ciclovias.es\/en\/producto\/brio-1000-delineator-post\/#primaryimage\"},\"image\":{\"@id\":\"https:\/\/ciclovias.es\/en\/producto\/brio-1000-delineator-post\/#primaryimage\"},\"thumbnailUrl\":\"https:\/\/ciclovias.es\/wp-content\/uploads\/2024\/06\/BALIZA-BRIO-1000.webp\",\"datePublished\":\"2024-07-12T23:48:48+00:00\",\"dateModified\":\"2024-08-20T17:39:34+00:00\",\"description\":\"Available in standard colors as yellow and orange, the POLIFLEXY\u00ae brio 1000 delineator posts can adapt to any bike way type.\",\"breadcrumb\":{\"@id\":\"https:\/\/ciclovias.es\/en\/producto\/brio-1000-delineator-post\/#breadcrumb\"},\"inLanguage\":\"en-US\",\"potentialAction\":[{\"@type\":\"ReadAction\",\"target\":[\"https:\/\/ciclovias.es\/en\/producto\/brio-1000-delineator-post\/\"]}]},{\"@type\":\"ImageObject\",\"inLanguage\":\"en-US\",\"@id\":\"https:\/\/ciclovias.es\/en\/producto\/brio-1000-delineator-post\/#primaryimage\",\"url\":\"https:\/\/ciclovias.es\/wp-content\/uploads\/2024\/06\/BALIZA-BRIO-1000.webp\",\"contentUrl\":\"https:\/\/ciclovias.es\/wp-content\/uploads\/2024\/06\/BALIZA-BRIO-1000.webp\",\"width\":1200,\"height\":1200,\"caption\":\"El Balizamiento vial son postes flexibles cuya misi\u00f3n es definiri y delimitar \u00e1reas exclusivas, como las ciclov\u00edas, en las ciudades\"},{\"@type\":\"BreadcrumbList\",\"@id\":\"https:\/\/ciclovias.es\/en\/producto\/brio-1000-delineator-post\/#breadcrumb\",\"itemListElement\":[{\"@type\":\"ListItem\",\"position\":1,\"name\":\"Inicio\",\"item\":\"https:\/\/ciclovias.es\/en\/\"},{\"@type\":\"ListItem\",\"position\":2,\"name\":\"Tienda\",\"item\":\"https:\/\/ciclovias.es\/tienda\/\"},{\"@type\":\"ListItem\",\"position\":3,\"name\":\"Brio 1000 Delineator Post\"}]},{\"@type\":\"WebSite\",\"@id\":\"https:\/\/ciclovias.es\/#website\",\"url\":\"https:\/\/ciclovias.es\/\",\"name\":\"ciclopistas.com\",\"description\":\"\",\"publisher\":{\"@id\":\"https:\/\/ciclovias.es\/#organization\"},\"potentialAction\":[{\"@type\":\"SearchAction\",\"target\":{\"@type\":\"EntryPoint\",\"urlTemplate\":\"https:\/\/ciclovias.es\/?s={search_term_string}\"},\"query-input\":\"required name=search_term_string\"}],\"inLanguage\":\"en-US\"},{\"@type\":\"Organization\",\"@id\":\"https:\/\/ciclovias.es\/#organization\",\"name\":\"ciclopistas.com\",\"url\":\"https:\/\/ciclovias.es\/\",\"logo\":{\"@type\":\"ImageObject\",\"inLanguage\":\"en-US\",\"@id\":\"https:\/\/ciclovias.es\/#\/schema\/logo\/image\/\",\"url\":\"https:\/\/ciclopistas.com\/wp-content\/uploads\/2024\/06\/ciclopistas.com_-1.png\",\"contentUrl\":\"https:\/\/ciclopistas.com\/wp-content\/uploads\/2024\/06\/ciclopistas.com_-1.png\",\"width\":768,\"height\":220,\"caption\":\"ciclopistas.com\"},\"image\":{\"@id\":\"https:\/\/ciclovias.es\/#\/schema\/logo\/image\/\"},\"sameAs\":[\"https:\/\/www.facebook.com\/multisenal\/\",\"https:\/\/x.com\/multisenal\",\"https:\/\/www.instagram.com\/multisenalmx\/\",\"https:\/\/www.linkedin.com\/company\/multisenalmexico\/\",\"https:\/\/www.youtube.com\/@multisenaloficial\"]}]}<\/script>\n<!-- \/ Yoast SEO Premium plugin. -->","yoast_head_json":{"title":"Brio 1000 Delineator Post - ciclopistas.com","description":"Available in standard colors as yellow and orange, the POLIFLEXY\u00ae brio 1000 delineator posts can adapt to any bike way type.","robots":{"index":"index","follow":"follow","max-snippet":"max-snippet:-1","max-image-preview":"max-image-preview:large","max-video-preview":"max-video-preview:-1"},"canonical":"https:\/\/ciclovias.es\/en\/producto\/brio-1000-delineator-post\/","og_locale":"en_US","og_type":"article","og_title":"Brio 1000 Delineator Post","og_description":"Available in standard colors as yellow and orange, the POLIFLEXY\u00ae brio 1000 delineator posts can adapt to any bike way type.","og_url":"https:\/\/ciclovias.es\/en\/producto\/brio-1000-delineator-post\/","og_site_name":"ciclopistas.com","article_publisher":"https:\/\/www.facebook.com\/multisenal\/","article_modified_time":"2024-08-20T17:39:34+00:00","og_image":[{"width":1200,"height":1200,"url":"https:\/\/ciclovias.es\/wp-content\/uploads\/2024\/06\/BALIZA-BRIO-1000.webp","type":"image\/webp"}],"twitter_card":"summary_large_image","twitter_site":"@multisenal","twitter_misc":{"Est. reading time":"2 minutes"},"schema":{"@context":"https:\/\/schema.org","@graph":[{"@type":"WebPage","@id":"https:\/\/ciclovias.es\/en\/producto\/brio-1000-delineator-post\/","url":"https:\/\/ciclovias.es\/en\/producto\/brio-1000-delineator-post\/","name":"Brio 1000 Delineator Post - ciclopistas.com","isPartOf":{"@id":"https:\/\/ciclovias.es\/#website"},"primaryImageOfPage":{"@id":"https:\/\/ciclovias.es\/en\/producto\/brio-1000-delineator-post\/#primaryimage"},"image":{"@id":"https:\/\/ciclovias.es\/en\/producto\/brio-1000-delineator-post\/#primaryimage"},"thumbnailUrl":"https:\/\/ciclovias.es\/wp-content\/uploads\/2024\/06\/BALIZA-BRIO-1000.webp","datePublished":"2024-07-12T23:48:48+00:00","dateModified":"2024-08-20T17:39:34+00:00","description":"Available in standard colors as yellow and orange, the POLIFLEXY\u00ae brio 1000 delineator posts can adapt to any bike way type.","breadcrumb":{"@id":"https:\/\/ciclovias.es\/en\/producto\/brio-1000-delineator-post\/#breadcrumb"},"inLanguage":"en-US","potentialAction":[{"@type":"ReadAction","target":["https:\/\/ciclovias.es\/en\/producto\/brio-1000-delineator-post\/"]}]},{"@type":"ImageObject","inLanguage":"en-US","@id":"https:\/\/ciclovias.es\/en\/producto\/brio-1000-delineator-post\/#primaryimage","url":"https:\/\/ciclovias.es\/wp-content\/uploads\/2024\/06\/BALIZA-BRIO-1000.webp","contentUrl":"https:\/\/ciclovias.es\/wp-content\/uploads\/2024\/06\/BALIZA-BRIO-1000.webp","width":1200,"height":1200,"caption":"El Balizamiento vial son postes flexibles cuya misi\u00f3n es definiri y delimitar \u00e1reas exclusivas, como las ciclov\u00edas, en las ciudades"},{"@type":"BreadcrumbList","@id":"https:\/\/ciclovias.es\/en\/producto\/brio-1000-delineator-post\/#breadcrumb","itemListElement":[{"@type":"ListItem","position":1,"name":"Inicio","item":"https:\/\/ciclovias.es\/en\/"},{"@type":"ListItem","position":2,"name":"Tienda","item":"https:\/\/ciclovias.es\/tienda\/"},{"@type":"ListItem","position":3,"name":"Brio 1000 Delineator Post"}]},{"@type":"WebSite","@id":"https:\/\/ciclovias.es\/#website","url":"https:\/\/ciclovias.es\/","name":"ciclopistas.com","description":"","publisher":{"@id":"https:\/\/ciclovias.es\/#organization"},"potentialAction":[{"@type":"SearchAction","target":{"@type":"EntryPoint","urlTemplate":"https:\/\/ciclovias.es\/?s={search_term_string}"},"query-input":"required name=search_term_string"}],"inLanguage":"en-US"},{"@type":"Organization","@id":"https:\/\/ciclovias.es\/#organization","name":"ciclopistas.com","url":"https:\/\/ciclovias.es\/","logo":{"@type":"ImageObject","inLanguage":"en-US","@id":"https:\/\/ciclovias.es\/#\/schema\/logo\/image\/","url":"https:\/\/ciclopistas.com\/wp-content\/uploads\/2024\/06\/ciclopistas.com_-1.png","contentUrl":"https:\/\/ciclopistas.com\/wp-content\/uploads\/2024\/06\/ciclopistas.com_-1.png","width":768,"height":220,"caption":"ciclopistas.com"},"image":{"@id":"https:\/\/ciclovias.es\/#\/schema\/logo\/image\/"},"sameAs":["https:\/\/www.facebook.com\/multisenal\/","https:\/\/x.com\/multisenal","https:\/\/www.instagram.com\/multisenalmx\/","https:\/\/www.linkedin.com\/company\/multisenalmexico\/","https:\/\/www.youtube.com\/@multisenaloficial"]}]}},"_links":{"self":[{"href":"https:\/\/ciclovias.es\/en\/wp-json\/wp\/v2\/product\/10789","targetHints":{"allow":["GET"]}}],"collection":[{"href":"https:\/\/ciclovias.es\/en\/wp-json\/wp\/v2\/product"}],"about":[{"href":"https:\/\/ciclovias.es\/en\/wp-json\/wp\/v2\/types\/product"}],"replies":[{"embeddable":true,"href":"https:\/\/ciclovias.es\/en\/wp-json\/wp\/v2\/comments?post=10789"}],"wp:featuredmedia":[{"embeddable":true,"href":"https:\/\/ciclovias.es\/en\/wp-json\/wp\/v2\/media\/4609"}],"wp:attachment":[{"href":"https:\/\/ciclovias.es\/en\/wp-json\/wp\/v2\/media?parent=10789"}],"wp:term":[{"taxonomy":"product_cat","embeddable":true,"href":"https:\/\/ciclovias.es\/en\/wp-json\/wp\/v2\/product_cat?post=10789"},{"taxonomy":"product_tag","embeddable":true,"href":"https:\/\/ciclovias.es\/en\/wp-json\/wp\/v2\/product_tag?post=10789"}],"curies":[{"name":"wp","href":"https:\/\/api.w.org\/{rel}","templated":true}]}}