{"id":6262,"date":"2024-08-15T17:48:51","date_gmt":"2024-08-15T17:48:51","guid":{"rendered":"https:\/\/ciclopistas.com\/?post_type=product&#038;p=6262"},"modified":"2024-08-20T17:22:30","modified_gmt":"2024-08-20T17:22:30","slug":"flexible-post-for-separated-bike-lanes","status":"publish","type":"product","link":"https:\/\/ciclovias.es\/en\/producto\/flexible-post-for-separated-bike-lanes\/","title":{"rendered":"Flexible Post for Separated Bike Lanes"},"content":{"rendered":"<p>Optimize traffic management in bike ways and critical areas with Flexible Post for Separated Bike Lanes, Ecoflex125, designed to demarcate and delimit effectively road space.<\/p>\n<p>This innovative device not only improves safety but ease an organized traffic flow in urban environments and high traffic flow areas.<\/p>\n<p>Its robust and colorful design provides excellent visibility to delimit exclusive areas for bike circulation, essential to delimit the beginning of cycle paths or exclusive lanes for cyclists. It also informs the mile of the bike path where cyclist is located.<\/p>\n<p style=\"font-weight: 400;\"><strong>Key Features:<\/strong><\/p>\n<ul>\n<li style=\"font-weight: 400;\">Robust Construction: Manufactured in Poliflexy\u00ae to guarantee structural rigidity and ability to recover after impacts.<\/li>\n<li style=\"font-weight: 400;\">Variety of Colors: Available in yellow, orange, green, blue, white and black color for a visually effective signage in any environment.<\/li>\n<li style=\"font-weight: 400;\">Superior Reflectivity: Equipped with 4 reflective tapes that guarantee an optimal visibility even in low light conditions.<\/li>\n<li>Reflective label\/sign: This can be customized with a message: for example, begin bike lane, end bike lane, pedestrian crossing or bike crossing, etc.<\/li>\n<li style=\"font-weight: 400;\">Rigid Design: Body manufactured in one piece without additional caps, reducing risk of detachment and ensuring a solid and reliable structure.<\/li>\n<li style=\"font-weight: 400;\">Reinforced Base: Incorporate gussets on the base of the same material to provide a robust support and additional stability before impacts.<\/li>\n<li style=\"font-weight: 400;\">Easy and Safe Installation: Base with 3 boreholes that facilitate a quick and safe installation with three screws and extra-large anchors.<\/li>\n<\/ul>\n<p>Increase safety and efficiency in bike way signage with the flexible post for protected bike lanes, Ecoflex125. Discover the complete catalog with the <a href=\"https:\/\/ciclopistas.com\/productos-ciclovias\/\">traffic devices<\/a> that will help you to a better <a href=\"https:\/\/multisenal.com.mx\/blog\/infraestructura-y-equipamiento-ciclista-que-es\/\">cyclist infrastructure<\/a>.<\/p>\n<p style=\"font-weight: 400;\"><strong>Measurements:<\/strong><\/p>\n<p>Total:<\/p>\n<p>Height: 4.1 ft<br \/>\nSup \u00f8. 3.5 in<br \/>\nBase \u00f8. 8.4 in<\/p>\n<p>Base: 15.7 x 18.1 x 1.5 in of height.<\/p>\n","protected":false},"excerpt":{"rendered":"<p><strong>Product Name: HITO ECOFLEX\u00ae 125<\/strong><\/p>\n<p><strong>SKU: ECOFLEX-125<\/strong><\/p>\n<p>&nbsp;<\/p>\n<table>\n<tbody>\n<tr>\n<td style=\"text-align: center;\"><strong>SPANISH<\/strong><\/td>\n<td style=\"text-align: center;\"><strong>ENGLISH<\/strong><\/td>\n<\/tr>\n<tr>\n<td><a href=\"https:\/\/multisenal.com.mx\/FichasTecnicas\/Hito-ECOFLEX-125-ES.pdf\"><img decoding=\"async\" class=\"wp-image-5524 aligncenter\" src=\"https:\/\/ciclopistas.com\/wp-content\/uploads\/2024\/06\/img-pdf-ciclopistas.webp\" alt=\"\" width=\"49\" height=\"49\" \/><\/a><\/td>\n<td><a href=\"https:\/\/multisenal.com.mx\/FichasTecnicas\/Hito-ECOFLEX-125-EN.pdf\"><img decoding=\"async\" class=\"wp-image-5524 aligncenter\" src=\"https:\/\/ciclopistas.com\/wp-content\/uploads\/2024\/06\/img-pdf-ciclopistas.webp\" alt=\"\" width=\"49\" height=\"49\" \/><\/a><\/td>\n<\/tr>\n<\/tbody>\n<\/table>\n","protected":false},"featured_media":4664,"comment_status":"open","ping_status":"closed","template":"","meta":[],"product_cat":[75],"product_tag":[],"class_list":{"0":"post-6262","1":"product","2":"type-product","3":"status-publish","4":"has-post-thumbnail","6":"product_cat-delineator-posts","8":"first","9":"instock","10":"shipping-taxable","11":"product-type-simple"},"yoast_head":"<!-- This site is optimized with the Yoast SEO Premium plugin v22.3 (Yoast SEO v23.0) - https:\/\/yoast.com\/wordpress\/plugins\/seo\/ -->\n<title>Flexible Post for Separated Bike Lanes - ciclopistas.com<\/title>\n<meta name=\"description\" content=\"Optimize traffic management in bike ways and critical areas with the Flexible Post for Separated Bike Lanes, Ecoflex125 to demarcate and delimit road space.\" \/>\n<meta name=\"robots\" content=\"index, follow, max-snippet:-1, max-image-preview:large, max-video-preview:-1\" \/>\n<link rel=\"canonical\" href=\"https:\/\/ciclovias.es\/en\/producto\/flexible-post-for-separated-bike-lanes\/\" \/>\n<meta property=\"og:locale\" content=\"en_US\" \/>\n<meta property=\"og:type\" content=\"article\" \/>\n<meta property=\"og:title\" content=\"Flexible Post for Separated Bike Lanes\" \/>\n<meta property=\"og:description\" content=\"Optimize traffic management in bike ways and critical areas with the Flexible Post for Separated Bike Lanes, Ecoflex125 to demarcate and delimit road space.\" \/>\n<meta property=\"og:url\" content=\"https:\/\/ciclovias.es\/en\/producto\/flexible-post-for-separated-bike-lanes\/\" \/>\n<meta property=\"og:site_name\" content=\"ciclopistas.com\" \/>\n<meta property=\"article:publisher\" content=\"https:\/\/www.facebook.com\/multisenal\/\" \/>\n<meta property=\"article:modified_time\" content=\"2024-08-20T17:22:30+00:00\" \/>\n<meta property=\"og:image\" content=\"https:\/\/ciclovias.es\/wp-content\/uploads\/2024\/06\/Paleta-Abatible-125.webp\" \/>\n\t<meta property=\"og:image:width\" content=\"1200\" \/>\n\t<meta property=\"og:image:height\" content=\"1200\" \/>\n\t<meta property=\"og:image:type\" content=\"image\/webp\" \/>\n<meta name=\"twitter:card\" content=\"summary_large_image\" \/>\n<meta name=\"twitter:site\" content=\"@multisenal\" \/>\n<meta name=\"twitter:label1\" content=\"Est. reading time\" \/>\n\t<meta name=\"twitter:data1\" content=\"2 minutes\" \/>\n<script type=\"application\/ld+json\" class=\"yoast-schema-graph\">{\"@context\":\"https:\/\/schema.org\",\"@graph\":[{\"@type\":\"WebPage\",\"@id\":\"https:\/\/ciclovias.es\/en\/producto\/flexible-post-for-separated-bike-lanes\/\",\"url\":\"https:\/\/ciclovias.es\/en\/producto\/flexible-post-for-separated-bike-lanes\/\",\"name\":\"Flexible Post for Separated Bike Lanes - ciclopistas.com\",\"isPartOf\":{\"@id\":\"https:\/\/ciclovias.es\/#website\"},\"primaryImageOfPage\":{\"@id\":\"https:\/\/ciclovias.es\/en\/producto\/flexible-post-for-separated-bike-lanes\/#primaryimage\"},\"image\":{\"@id\":\"https:\/\/ciclovias.es\/en\/producto\/flexible-post-for-separated-bike-lanes\/#primaryimage\"},\"thumbnailUrl\":\"https:\/\/ciclovias.es\/wp-content\/uploads\/2024\/06\/Paleta-Abatible-125.webp\",\"datePublished\":\"2024-08-15T17:48:51+00:00\",\"dateModified\":\"2024-08-20T17:22:30+00:00\",\"description\":\"Optimize traffic management in bike ways and critical areas with the Flexible Post for Separated Bike Lanes, Ecoflex125 to demarcate and delimit road space.\",\"breadcrumb\":{\"@id\":\"https:\/\/ciclovias.es\/en\/producto\/flexible-post-for-separated-bike-lanes\/#breadcrumb\"},\"inLanguage\":\"en-US\",\"potentialAction\":[{\"@type\":\"ReadAction\",\"target\":[\"https:\/\/ciclovias.es\/en\/producto\/flexible-post-for-separated-bike-lanes\/\"]}]},{\"@type\":\"ImageObject\",\"inLanguage\":\"en-US\",\"@id\":\"https:\/\/ciclovias.es\/en\/producto\/flexible-post-for-separated-bike-lanes\/#primaryimage\",\"url\":\"https:\/\/ciclovias.es\/wp-content\/uploads\/2024\/06\/Paleta-Abatible-125.webp\",\"contentUrl\":\"https:\/\/ciclovias.es\/wp-content\/uploads\/2024\/06\/Paleta-Abatible-125.webp\",\"width\":1200,\"height\":1200,\"caption\":\"La Paleta abatible para ciclo\u00edvas es ideal para demarcar ciclov\u00edas. Capaz de volver a su forma original en caso de que pase sobre \u00e9l un veh\u00edculo.\"},{\"@type\":\"BreadcrumbList\",\"@id\":\"https:\/\/ciclovias.es\/en\/producto\/flexible-post-for-separated-bike-lanes\/#breadcrumb\",\"itemListElement\":[{\"@type\":\"ListItem\",\"position\":1,\"name\":\"Inicio\",\"item\":\"https:\/\/ciclovias.es\/en\/\"},{\"@type\":\"ListItem\",\"position\":2,\"name\":\"Tienda\",\"item\":\"https:\/\/ciclovias.es\/tienda\/\"},{\"@type\":\"ListItem\",\"position\":3,\"name\":\"Flexible Post for Separated Bike Lanes\"}]},{\"@type\":\"WebSite\",\"@id\":\"https:\/\/ciclovias.es\/#website\",\"url\":\"https:\/\/ciclovias.es\/\",\"name\":\"ciclopistas.com\",\"description\":\"\",\"publisher\":{\"@id\":\"https:\/\/ciclovias.es\/#organization\"},\"potentialAction\":[{\"@type\":\"SearchAction\",\"target\":{\"@type\":\"EntryPoint\",\"urlTemplate\":\"https:\/\/ciclovias.es\/?s={search_term_string}\"},\"query-input\":\"required name=search_term_string\"}],\"inLanguage\":\"en-US\"},{\"@type\":\"Organization\",\"@id\":\"https:\/\/ciclovias.es\/#organization\",\"name\":\"ciclopistas.com\",\"url\":\"https:\/\/ciclovias.es\/\",\"logo\":{\"@type\":\"ImageObject\",\"inLanguage\":\"en-US\",\"@id\":\"https:\/\/ciclovias.es\/#\/schema\/logo\/image\/\",\"url\":\"https:\/\/ciclopistas.com\/wp-content\/uploads\/2024\/06\/ciclopistas.com_-1.png\",\"contentUrl\":\"https:\/\/ciclopistas.com\/wp-content\/uploads\/2024\/06\/ciclopistas.com_-1.png\",\"width\":768,\"height\":220,\"caption\":\"ciclopistas.com\"},\"image\":{\"@id\":\"https:\/\/ciclovias.es\/#\/schema\/logo\/image\/\"},\"sameAs\":[\"https:\/\/www.facebook.com\/multisenal\/\",\"https:\/\/x.com\/multisenal\",\"https:\/\/www.instagram.com\/multisenalmx\/\",\"https:\/\/www.linkedin.com\/company\/multisenalmexico\/\",\"https:\/\/www.youtube.com\/@multisenaloficial\"]}]}<\/script>\n<!-- \/ Yoast SEO Premium plugin. -->","yoast_head_json":{"title":"Flexible Post for Separated Bike Lanes - ciclopistas.com","description":"Optimize traffic management in bike ways and critical areas with the Flexible Post for Separated Bike Lanes, Ecoflex125 to demarcate and delimit road space.","robots":{"index":"index","follow":"follow","max-snippet":"max-snippet:-1","max-image-preview":"max-image-preview:large","max-video-preview":"max-video-preview:-1"},"canonical":"https:\/\/ciclovias.es\/en\/producto\/flexible-post-for-separated-bike-lanes\/","og_locale":"en_US","og_type":"article","og_title":"Flexible Post for Separated Bike Lanes","og_description":"Optimize traffic management in bike ways and critical areas with the Flexible Post for Separated Bike Lanes, Ecoflex125 to demarcate and delimit road space.","og_url":"https:\/\/ciclovias.es\/en\/producto\/flexible-post-for-separated-bike-lanes\/","og_site_name":"ciclopistas.com","article_publisher":"https:\/\/www.facebook.com\/multisenal\/","article_modified_time":"2024-08-20T17:22:30+00:00","og_image":[{"width":1200,"height":1200,"url":"https:\/\/ciclovias.es\/wp-content\/uploads\/2024\/06\/Paleta-Abatible-125.webp","type":"image\/webp"}],"twitter_card":"summary_large_image","twitter_site":"@multisenal","twitter_misc":{"Est. reading time":"2 minutes"},"schema":{"@context":"https:\/\/schema.org","@graph":[{"@type":"WebPage","@id":"https:\/\/ciclovias.es\/en\/producto\/flexible-post-for-separated-bike-lanes\/","url":"https:\/\/ciclovias.es\/en\/producto\/flexible-post-for-separated-bike-lanes\/","name":"Flexible Post for Separated Bike Lanes - ciclopistas.com","isPartOf":{"@id":"https:\/\/ciclovias.es\/#website"},"primaryImageOfPage":{"@id":"https:\/\/ciclovias.es\/en\/producto\/flexible-post-for-separated-bike-lanes\/#primaryimage"},"image":{"@id":"https:\/\/ciclovias.es\/en\/producto\/flexible-post-for-separated-bike-lanes\/#primaryimage"},"thumbnailUrl":"https:\/\/ciclovias.es\/wp-content\/uploads\/2024\/06\/Paleta-Abatible-125.webp","datePublished":"2024-08-15T17:48:51+00:00","dateModified":"2024-08-20T17:22:30+00:00","description":"Optimize traffic management in bike ways and critical areas with the Flexible Post for Separated Bike Lanes, Ecoflex125 to demarcate and delimit road space.","breadcrumb":{"@id":"https:\/\/ciclovias.es\/en\/producto\/flexible-post-for-separated-bike-lanes\/#breadcrumb"},"inLanguage":"en-US","potentialAction":[{"@type":"ReadAction","target":["https:\/\/ciclovias.es\/en\/producto\/flexible-post-for-separated-bike-lanes\/"]}]},{"@type":"ImageObject","inLanguage":"en-US","@id":"https:\/\/ciclovias.es\/en\/producto\/flexible-post-for-separated-bike-lanes\/#primaryimage","url":"https:\/\/ciclovias.es\/wp-content\/uploads\/2024\/06\/Paleta-Abatible-125.webp","contentUrl":"https:\/\/ciclovias.es\/wp-content\/uploads\/2024\/06\/Paleta-Abatible-125.webp","width":1200,"height":1200,"caption":"La Paleta abatible para ciclo\u00edvas es ideal para demarcar ciclov\u00edas. Capaz de volver a su forma original en caso de que pase sobre \u00e9l un veh\u00edculo."},{"@type":"BreadcrumbList","@id":"https:\/\/ciclovias.es\/en\/producto\/flexible-post-for-separated-bike-lanes\/#breadcrumb","itemListElement":[{"@type":"ListItem","position":1,"name":"Inicio","item":"https:\/\/ciclovias.es\/en\/"},{"@type":"ListItem","position":2,"name":"Tienda","item":"https:\/\/ciclovias.es\/tienda\/"},{"@type":"ListItem","position":3,"name":"Flexible Post for Separated Bike Lanes"}]},{"@type":"WebSite","@id":"https:\/\/ciclovias.es\/#website","url":"https:\/\/ciclovias.es\/","name":"ciclopistas.com","description":"","publisher":{"@id":"https:\/\/ciclovias.es\/#organization"},"potentialAction":[{"@type":"SearchAction","target":{"@type":"EntryPoint","urlTemplate":"https:\/\/ciclovias.es\/?s={search_term_string}"},"query-input":"required name=search_term_string"}],"inLanguage":"en-US"},{"@type":"Organization","@id":"https:\/\/ciclovias.es\/#organization","name":"ciclopistas.com","url":"https:\/\/ciclovias.es\/","logo":{"@type":"ImageObject","inLanguage":"en-US","@id":"https:\/\/ciclovias.es\/#\/schema\/logo\/image\/","url":"https:\/\/ciclopistas.com\/wp-content\/uploads\/2024\/06\/ciclopistas.com_-1.png","contentUrl":"https:\/\/ciclopistas.com\/wp-content\/uploads\/2024\/06\/ciclopistas.com_-1.png","width":768,"height":220,"caption":"ciclopistas.com"},"image":{"@id":"https:\/\/ciclovias.es\/#\/schema\/logo\/image\/"},"sameAs":["https:\/\/www.facebook.com\/multisenal\/","https:\/\/x.com\/multisenal","https:\/\/www.instagram.com\/multisenalmx\/","https:\/\/www.linkedin.com\/company\/multisenalmexico\/","https:\/\/www.youtube.com\/@multisenaloficial"]}]}},"_links":{"self":[{"href":"https:\/\/ciclovias.es\/en\/wp-json\/wp\/v2\/product\/6262","targetHints":{"allow":["GET"]}}],"collection":[{"href":"https:\/\/ciclovias.es\/en\/wp-json\/wp\/v2\/product"}],"about":[{"href":"https:\/\/ciclovias.es\/en\/wp-json\/wp\/v2\/types\/product"}],"replies":[{"embeddable":true,"href":"https:\/\/ciclovias.es\/en\/wp-json\/wp\/v2\/comments?post=6262"}],"wp:featuredmedia":[{"embeddable":true,"href":"https:\/\/ciclovias.es\/en\/wp-json\/wp\/v2\/media\/4664"}],"wp:attachment":[{"href":"https:\/\/ciclovias.es\/en\/wp-json\/wp\/v2\/media?parent=6262"}],"wp:term":[{"taxonomy":"product_cat","embeddable":true,"href":"https:\/\/ciclovias.es\/en\/wp-json\/wp\/v2\/product_cat?post=6262"},{"taxonomy":"product_tag","embeddable":true,"href":"https:\/\/ciclovias.es\/en\/wp-json\/wp\/v2\/product_tag?post=6262"}],"curies":[{"name":"wp","href":"https:\/\/api.w.org\/{rel}","templated":true}]}}