{"id":6306,"date":"2024-08-04T21:24:38","date_gmt":"2024-08-04T21:24:38","guid":{"rendered":"https:\/\/ciclopistas.com\/?post_type=product&#038;p=6306"},"modified":"2024-08-20T17:29:46","modified_gmt":"2024-08-20T17:29:46","slug":"street-sign-for-bike-routes","status":"publish","type":"product","link":"https:\/\/ciclovias.es\/en\/producto\/street-sign-for-bike-routes\/","title":{"rendered":"Street Sign for Bike Routes"},"content":{"rendered":"<p>Transform the bike routes with this lighted street sign, the final solution to guide cyclists with precision and style.<\/p>\n<p>Designed to offer a 24 hours visibility, this innovative sign not only informs but embellishes and ensure every journey.<\/p>\n<p style=\"font-weight: 400;\"><strong>Key Features:<\/strong><\/p>\n<p>Street Sign for Bike Routes allow cyclists to ride with safety and style thanks to the visual and technological features.<\/p>\n<p>Not only indicates to cyclist the data as name and demarcation of where the bike route is located, but provide different features depending on the version.<\/p>\n<ul>\n<li>Electric Light: Ideal for an optimal visibility during night.<\/li>\n<li>Solar Light: Benefit from solar energy to light your road.<\/li>\n<li>Normal: Perfect for zones with good illumination.<\/li>\n<\/ul>\n<p>Light versions guarantee a better visibility during night, reducing the risk of accidents; while the street sign version without light, provides a distinguished and elegant touch to streets.<\/p>\n<p>Street sign for bike routes guide cyclists on entrances, exits or detours of bike routes.<\/p>\n<p>Easy installation thanks are mounted on existent or new poles at the corner of intersections.<\/p>\n<p>Curved front allows any flexible film for its label and sign in both faces.<\/p>\n<p>Update your bike route and provide cyclists the information they need to ride with confidence.<\/p>\n<p>Manufactured in white RCB polymer resistant to UV rays and inclemency. It doesn\u2019t rust, ideal for any urban environment.<\/p>\n<p>Advanced Functionality: Incorporates optional technology of geo-location through QR code for emergencies, improving safety and public service in high pedestrian flow areas.<\/p>\n<p>Complement the existent <a href=\"https:\/\/multisenal.com.mx\/blog\/infraestructura-y-equipamiento-ciclista-que-es\/\">cyclist infrastructure<\/a> with this and other road products. Check our <a href=\"https:\/\/ciclopistas.com\/productos-ciclovias\/\">catalog<\/a> and explore all the tools to provide a greater and better safety on streets.<\/p>\n","protected":false},"excerpt":{"rendered":"<p><strong>Product Name: Nomenclatura para\u00a0<b>Ciclov\u00eda<\/b><\/strong><\/p>\n<p><strong>SKU: NOM-770S<\/strong><\/p>\n<table>\n<tbody>\n<tr>\n<td style=\"text-align: center;\"><strong>SPANISH<\/strong><\/td>\n<td style=\"text-align: center;\"><strong>ENGLISH<\/strong><\/td>\n<td style=\"text-align: center;\"><strong>360\u00ba<\/strong><\/td>\n<\/tr>\n<tr>\n<td><a href=\"https:\/\/multisenal.com.mx\/FichasTecnicas\/Nomenclatura-770-SOLAR-ES.pdf\"><img decoding=\"async\" class=\"wp-image-5524 aligncenter\" src=\"https:\/\/ciclopistas.com\/wp-content\/uploads\/2024\/06\/img-pdf-ciclopistas.webp\" alt=\"\" width=\"49\" height=\"49\" \/><\/a><\/td>\n<td><a href=\"https:\/\/multisenal.com.mx\/FichasTecnicas\/Nomenclatura-770-SOLAR-EN.pdf\"><img decoding=\"async\" class=\"wp-image-5524 aligncenter\" src=\"https:\/\/ciclopistas.com\/wp-content\/uploads\/2024\/06\/img-pdf-ciclopistas.webp\" alt=\"\" width=\"49\" height=\"49\" \/><\/a><\/td>\n<td><a href=\"https:\/\/ciclopistas.com\/renders\/nomenclatura-770-solar-modelo-360\/\"><img decoding=\"async\" class=\"wp-image-5524 aligncenter\" src=\"https:\/\/ciclopistas.com\/wp-content\/uploads\/2024\/06\/img-modelo3D.webp\" alt=\"\" width=\"49\" height=\"49\" \/><\/a><\/td>\n<\/tr>\n<\/tbody>\n<\/table>\n","protected":false},"featured_media":3799,"comment_status":"open","ping_status":"closed","template":"","meta":[],"product_cat":[79],"product_tag":[],"class_list":{"0":"post-6306","1":"product","2":"type-product","3":"status-publish","4":"has-post-thumbnail","6":"product_cat-bike-lane-signage","8":"first","9":"instock","10":"shipping-taxable","11":"product-type-simple"},"yoast_head":"<!-- This site is optimized with the Yoast SEO Premium plugin v22.3 (Yoast SEO v23.0) - https:\/\/yoast.com\/wordpress\/plugins\/seo\/ -->\n<title>Street Sign for Bike Routes - ciclopistas.com<\/title>\n<meta name=\"description\" content=\"Street sign for bike routes is designed to offer a 24 hours visibility, this innovative sign not only informs but embellishes and ensure every journey.\" \/>\n<meta name=\"robots\" content=\"index, follow, max-snippet:-1, max-image-preview:large, max-video-preview:-1\" \/>\n<link rel=\"canonical\" href=\"https:\/\/ciclovias.es\/en\/producto\/street-sign-for-bike-routes\/\" \/>\n<meta property=\"og:locale\" content=\"en_US\" \/>\n<meta property=\"og:type\" content=\"article\" \/>\n<meta property=\"og:title\" content=\"Street Sign for Bike Routes\" \/>\n<meta property=\"og:description\" content=\"Street sign for bike routes is designed to offer a 24 hours visibility, this innovative sign not only informs but embellishes and ensure every journey.\" \/>\n<meta property=\"og:url\" content=\"https:\/\/ciclovias.es\/en\/producto\/street-sign-for-bike-routes\/\" \/>\n<meta property=\"og:site_name\" content=\"ciclopistas.com\" \/>\n<meta property=\"article:publisher\" content=\"https:\/\/www.facebook.com\/multisenal\/\" \/>\n<meta property=\"article:modified_time\" content=\"2024-08-20T17:29:46+00:00\" \/>\n<meta property=\"og:image\" content=\"https:\/\/ciclovias.es\/wp-content\/uploads\/2024\/06\/Producto-Ciclopistas-31.webp\" \/>\n\t<meta property=\"og:image:width\" content=\"1200\" \/>\n\t<meta property=\"og:image:height\" content=\"1200\" \/>\n\t<meta property=\"og:image:type\" content=\"image\/webp\" \/>\n<meta name=\"twitter:card\" content=\"summary_large_image\" \/>\n<meta name=\"twitter:site\" content=\"@multisenal\" \/>\n<meta name=\"twitter:label1\" content=\"Est. reading time\" \/>\n\t<meta name=\"twitter:data1\" content=\"2 minutes\" \/>\n<script type=\"application\/ld+json\" class=\"yoast-schema-graph\">{\"@context\":\"https:\/\/schema.org\",\"@graph\":[{\"@type\":\"WebPage\",\"@id\":\"https:\/\/ciclovias.es\/en\/producto\/street-sign-for-bike-routes\/\",\"url\":\"https:\/\/ciclovias.es\/en\/producto\/street-sign-for-bike-routes\/\",\"name\":\"Street Sign for Bike Routes - ciclopistas.com\",\"isPartOf\":{\"@id\":\"https:\/\/ciclovias.es\/#website\"},\"primaryImageOfPage\":{\"@id\":\"https:\/\/ciclovias.es\/en\/producto\/street-sign-for-bike-routes\/#primaryimage\"},\"image\":{\"@id\":\"https:\/\/ciclovias.es\/en\/producto\/street-sign-for-bike-routes\/#primaryimage\"},\"thumbnailUrl\":\"https:\/\/ciclovias.es\/wp-content\/uploads\/2024\/06\/Producto-Ciclopistas-31.webp\",\"datePublished\":\"2024-08-04T21:24:38+00:00\",\"dateModified\":\"2024-08-20T17:29:46+00:00\",\"description\":\"Street sign for bike routes is designed to offer a 24 hours visibility, this innovative sign not only informs but embellishes and ensure every journey.\",\"breadcrumb\":{\"@id\":\"https:\/\/ciclovias.es\/en\/producto\/street-sign-for-bike-routes\/#breadcrumb\"},\"inLanguage\":\"en-US\",\"potentialAction\":[{\"@type\":\"ReadAction\",\"target\":[\"https:\/\/ciclovias.es\/en\/producto\/street-sign-for-bike-routes\/\"]}]},{\"@type\":\"ImageObject\",\"inLanguage\":\"en-US\",\"@id\":\"https:\/\/ciclovias.es\/en\/producto\/street-sign-for-bike-routes\/#primaryimage\",\"url\":\"https:\/\/ciclovias.es\/wp-content\/uploads\/2024\/06\/Producto-Ciclopistas-31.webp\",\"contentUrl\":\"https:\/\/ciclovias.es\/wp-content\/uploads\/2024\/06\/Producto-Ciclopistas-31.webp\",\"width\":1200,\"height\":1200,\"caption\":\"La nomenclatura para ciclov\u00eda es una se\u00f1al luminosa ideal para ubicarse en caminos oscuros. Cuenta con opci\u00f3n a geolocalizaci\u00f3n por QR\"},{\"@type\":\"BreadcrumbList\",\"@id\":\"https:\/\/ciclovias.es\/en\/producto\/street-sign-for-bike-routes\/#breadcrumb\",\"itemListElement\":[{\"@type\":\"ListItem\",\"position\":1,\"name\":\"Inicio\",\"item\":\"https:\/\/ciclovias.es\/en\/\"},{\"@type\":\"ListItem\",\"position\":2,\"name\":\"Tienda\",\"item\":\"https:\/\/ciclovias.es\/tienda\/\"},{\"@type\":\"ListItem\",\"position\":3,\"name\":\"Street Sign for Bike Routes\"}]},{\"@type\":\"WebSite\",\"@id\":\"https:\/\/ciclovias.es\/#website\",\"url\":\"https:\/\/ciclovias.es\/\",\"name\":\"ciclopistas.com\",\"description\":\"\",\"publisher\":{\"@id\":\"https:\/\/ciclovias.es\/#organization\"},\"potentialAction\":[{\"@type\":\"SearchAction\",\"target\":{\"@type\":\"EntryPoint\",\"urlTemplate\":\"https:\/\/ciclovias.es\/?s={search_term_string}\"},\"query-input\":\"required name=search_term_string\"}],\"inLanguage\":\"en-US\"},{\"@type\":\"Organization\",\"@id\":\"https:\/\/ciclovias.es\/#organization\",\"name\":\"ciclopistas.com\",\"url\":\"https:\/\/ciclovias.es\/\",\"logo\":{\"@type\":\"ImageObject\",\"inLanguage\":\"en-US\",\"@id\":\"https:\/\/ciclovias.es\/#\/schema\/logo\/image\/\",\"url\":\"https:\/\/ciclopistas.com\/wp-content\/uploads\/2024\/06\/ciclopistas.com_-1.png\",\"contentUrl\":\"https:\/\/ciclopistas.com\/wp-content\/uploads\/2024\/06\/ciclopistas.com_-1.png\",\"width\":768,\"height\":220,\"caption\":\"ciclopistas.com\"},\"image\":{\"@id\":\"https:\/\/ciclovias.es\/#\/schema\/logo\/image\/\"},\"sameAs\":[\"https:\/\/www.facebook.com\/multisenal\/\",\"https:\/\/x.com\/multisenal\",\"https:\/\/www.instagram.com\/multisenalmx\/\",\"https:\/\/www.linkedin.com\/company\/multisenalmexico\/\",\"https:\/\/www.youtube.com\/@multisenaloficial\"]}]}<\/script>\n<!-- \/ Yoast SEO Premium plugin. -->","yoast_head_json":{"title":"Street Sign for Bike Routes - ciclopistas.com","description":"Street sign for bike routes is designed to offer a 24 hours visibility, this innovative sign not only informs but embellishes and ensure every journey.","robots":{"index":"index","follow":"follow","max-snippet":"max-snippet:-1","max-image-preview":"max-image-preview:large","max-video-preview":"max-video-preview:-1"},"canonical":"https:\/\/ciclovias.es\/en\/producto\/street-sign-for-bike-routes\/","og_locale":"en_US","og_type":"article","og_title":"Street Sign for Bike Routes","og_description":"Street sign for bike routes is designed to offer a 24 hours visibility, this innovative sign not only informs but embellishes and ensure every journey.","og_url":"https:\/\/ciclovias.es\/en\/producto\/street-sign-for-bike-routes\/","og_site_name":"ciclopistas.com","article_publisher":"https:\/\/www.facebook.com\/multisenal\/","article_modified_time":"2024-08-20T17:29:46+00:00","og_image":[{"width":1200,"height":1200,"url":"https:\/\/ciclovias.es\/wp-content\/uploads\/2024\/06\/Producto-Ciclopistas-31.webp","type":"image\/webp"}],"twitter_card":"summary_large_image","twitter_site":"@multisenal","twitter_misc":{"Est. reading time":"2 minutes"},"schema":{"@context":"https:\/\/schema.org","@graph":[{"@type":"WebPage","@id":"https:\/\/ciclovias.es\/en\/producto\/street-sign-for-bike-routes\/","url":"https:\/\/ciclovias.es\/en\/producto\/street-sign-for-bike-routes\/","name":"Street Sign for Bike Routes - ciclopistas.com","isPartOf":{"@id":"https:\/\/ciclovias.es\/#website"},"primaryImageOfPage":{"@id":"https:\/\/ciclovias.es\/en\/producto\/street-sign-for-bike-routes\/#primaryimage"},"image":{"@id":"https:\/\/ciclovias.es\/en\/producto\/street-sign-for-bike-routes\/#primaryimage"},"thumbnailUrl":"https:\/\/ciclovias.es\/wp-content\/uploads\/2024\/06\/Producto-Ciclopistas-31.webp","datePublished":"2024-08-04T21:24:38+00:00","dateModified":"2024-08-20T17:29:46+00:00","description":"Street sign for bike routes is designed to offer a 24 hours visibility, this innovative sign not only informs but embellishes and ensure every journey.","breadcrumb":{"@id":"https:\/\/ciclovias.es\/en\/producto\/street-sign-for-bike-routes\/#breadcrumb"},"inLanguage":"en-US","potentialAction":[{"@type":"ReadAction","target":["https:\/\/ciclovias.es\/en\/producto\/street-sign-for-bike-routes\/"]}]},{"@type":"ImageObject","inLanguage":"en-US","@id":"https:\/\/ciclovias.es\/en\/producto\/street-sign-for-bike-routes\/#primaryimage","url":"https:\/\/ciclovias.es\/wp-content\/uploads\/2024\/06\/Producto-Ciclopistas-31.webp","contentUrl":"https:\/\/ciclovias.es\/wp-content\/uploads\/2024\/06\/Producto-Ciclopistas-31.webp","width":1200,"height":1200,"caption":"La nomenclatura para ciclov\u00eda es una se\u00f1al luminosa ideal para ubicarse en caminos oscuros. Cuenta con opci\u00f3n a geolocalizaci\u00f3n por QR"},{"@type":"BreadcrumbList","@id":"https:\/\/ciclovias.es\/en\/producto\/street-sign-for-bike-routes\/#breadcrumb","itemListElement":[{"@type":"ListItem","position":1,"name":"Inicio","item":"https:\/\/ciclovias.es\/en\/"},{"@type":"ListItem","position":2,"name":"Tienda","item":"https:\/\/ciclovias.es\/tienda\/"},{"@type":"ListItem","position":3,"name":"Street Sign for Bike Routes"}]},{"@type":"WebSite","@id":"https:\/\/ciclovias.es\/#website","url":"https:\/\/ciclovias.es\/","name":"ciclopistas.com","description":"","publisher":{"@id":"https:\/\/ciclovias.es\/#organization"},"potentialAction":[{"@type":"SearchAction","target":{"@type":"EntryPoint","urlTemplate":"https:\/\/ciclovias.es\/?s={search_term_string}"},"query-input":"required name=search_term_string"}],"inLanguage":"en-US"},{"@type":"Organization","@id":"https:\/\/ciclovias.es\/#organization","name":"ciclopistas.com","url":"https:\/\/ciclovias.es\/","logo":{"@type":"ImageObject","inLanguage":"en-US","@id":"https:\/\/ciclovias.es\/#\/schema\/logo\/image\/","url":"https:\/\/ciclopistas.com\/wp-content\/uploads\/2024\/06\/ciclopistas.com_-1.png","contentUrl":"https:\/\/ciclopistas.com\/wp-content\/uploads\/2024\/06\/ciclopistas.com_-1.png","width":768,"height":220,"caption":"ciclopistas.com"},"image":{"@id":"https:\/\/ciclovias.es\/#\/schema\/logo\/image\/"},"sameAs":["https:\/\/www.facebook.com\/multisenal\/","https:\/\/x.com\/multisenal","https:\/\/www.instagram.com\/multisenalmx\/","https:\/\/www.linkedin.com\/company\/multisenalmexico\/","https:\/\/www.youtube.com\/@multisenaloficial"]}]}},"_links":{"self":[{"href":"https:\/\/ciclovias.es\/en\/wp-json\/wp\/v2\/product\/6306","targetHints":{"allow":["GET"]}}],"collection":[{"href":"https:\/\/ciclovias.es\/en\/wp-json\/wp\/v2\/product"}],"about":[{"href":"https:\/\/ciclovias.es\/en\/wp-json\/wp\/v2\/types\/product"}],"replies":[{"embeddable":true,"href":"https:\/\/ciclovias.es\/en\/wp-json\/wp\/v2\/comments?post=6306"}],"wp:featuredmedia":[{"embeddable":true,"href":"https:\/\/ciclovias.es\/en\/wp-json\/wp\/v2\/media\/3799"}],"wp:attachment":[{"href":"https:\/\/ciclovias.es\/en\/wp-json\/wp\/v2\/media?parent=6306"}],"wp:term":[{"taxonomy":"product_cat","embeddable":true,"href":"https:\/\/ciclovias.es\/en\/wp-json\/wp\/v2\/product_cat?post=6306"},{"taxonomy":"product_tag","embeddable":true,"href":"https:\/\/ciclovias.es\/en\/wp-json\/wp\/v2\/product_tag?post=6306"}],"curies":[{"name":"wp","href":"https:\/\/api.w.org\/{rel}","templated":true}]}}