{"id":6315,"date":"2024-07-28T22:17:12","date_gmt":"2024-07-28T22:17:12","guid":{"rendered":"https:\/\/ciclopistas.com\/?post_type=product&#038;p=6315"},"modified":"2024-08-20T17:33:33","modified_gmt":"2024-08-20T17:33:33","slug":"vertical-panel","status":"publish","type":"product","link":"https:\/\/ciclovias.es\/en\/producto\/vertical-panel\/","title":{"rendered":"Vertical Panel"},"content":{"rendered":"<p>Introduce safety and clarity with our innovative vertical panel, designed to always guide and protect motorists, pedestrians and <a href=\"https:\/\/multisenal.com.mx\/blog\/que-hacer-si-un-auto-o-moto-invadiendo-ciclovia\/\">cyclists<\/a>.<\/p>\n<p>Manufactured in resistant PE to impact with flexible ABS base; panel is ideal to establish limits effectively and prevent accidents in streets, avenues and bike ways.<\/p>\n<p>Customized option as signs in one or two faces, LED lighting for maximum visibility and versatility of 4 photo cells in variants with lighting, our vertical panel not only alerts about dangers or restrictions but stands out for its durability and robust design.<\/p>\n<p>Available in black color with UV protection, resistance to humidity and extreme temperatures, each detail of vertical panel is to guarantee efficacy and durability in any urban environment.<\/p>\n<p>Whether is used with ABS base, portable base to fill with sand or RHS pole for permanent installation, you will find the ideal option for your road signage requirements.<\/p>\n<p>Trust in this panel for a clear and safe signage that prevent accidents and ensure a correct traffic flow. Raise safety standards in your spaces with this essential tool for a modern road management.<\/p>\n<p>Vertical panel is ideal to set in bike routes to indicate about their presence, beginning or end of it. The light properties are perfect to guide cyclists during night.<\/p>\n<p>LED lighting options have acrylic mica and top cover. The device can have different messages, creating an extremely versatile device to communicate instructions or advertisements in correct places.<\/p>\n<p style=\"font-weight: 400;\">Check the <a href=\"https:\/\/ciclopistas.com\/productos-ciclovias\/\">complete catalog<\/a> of our road products, ideal to sign bike lanes. Provide greater safety to cyclists with these traffic devices. Innovation and elegance in one place.<\/p>\n<p>&nbsp;<\/p>\n<p><img fetchpriority=\"high\" decoding=\"async\" class=\"aligncenter wp-image-4363 \" src=\"https:\/\/multisenal.com.mx\/wp-content\/uploads\/2021\/08\/montaje-paleta-unix-a.jpg\" alt=\"\" width=\"497\" height=\"497\" \/><\/p>\n<h4><span style=\"color: #800080;\"><strong><a style=\"color: #800080;\" href=\"https:\/\/ciclopistas.com\/\">\ud83d\udeb4\u200d\u2642\ufe0f CICLOPISTAS \ud83d\udeb4\u200d\u2640\ufe0f<\/a><\/strong><\/span><\/h4>\n","protected":false},"excerpt":{"rendered":"<p><strong>Product Name: Paleta Unix Base Abatible<\/strong><\/p>\n<p><strong>SKU: PIX-120<\/strong><\/p>\n<table>\n<tbody>\n<tr>\n<td style=\"text-align: center;\"><strong>SPANISH<\/strong><\/td>\n<td style=\"text-align: center;\"><strong>ENGLISH<\/strong><\/td>\n<td style=\"text-align: center;\"><strong>360\u00ba<\/strong><\/td>\n<\/tr>\n<tr>\n<td><a href=\"https:\/\/multisenal.com.mx\/FichasTecnicas\/Paleta-Unix-PIX-120-ES.pdf\"><img decoding=\"async\" class=\"wp-image-5524 aligncenter\" src=\"https:\/\/ciclopistas.com\/wp-content\/uploads\/2024\/06\/img-pdf-ciclopistas.webp\" alt=\"\" width=\"49\" height=\"49\" \/><\/a><\/td>\n<td><a href=\"https:\/\/multisenal.com.mx\/FichasTecnicas\/Paleta-Unix-PIX-120-EN.pdf\"><img decoding=\"async\" class=\"wp-image-5524 aligncenter\" src=\"https:\/\/ciclopistas.com\/wp-content\/uploads\/2024\/06\/img-pdf-ciclopistas.webp\" alt=\"\" width=\"49\" height=\"49\" \/><\/a><\/td>\n<td><a href=\"https:\/\/ciclopistas.com\/renders\/paleta-unix-base-abatible-modelo-360\/\"><img decoding=\"async\" class=\"wp-image-5524 aligncenter\" src=\"https:\/\/ciclopistas.com\/wp-content\/uploads\/2024\/06\/img-modelo3D.webp\" alt=\"\" width=\"49\" height=\"49\" \/><\/a><\/td>\n<\/tr>\n<\/tbody>\n<\/table>\n","protected":false},"featured_media":3807,"comment_status":"open","ping_status":"closed","template":"","meta":[],"product_cat":[76],"product_tag":[],"class_list":{"0":"post-6315","1":"product","2":"type-product","3":"status-publish","4":"has-post-thumbnail","6":"product_cat-vertical-panels-and-paddles","8":"first","9":"instock","10":"shipping-taxable","11":"product-type-simple"},"yoast_head":"<!-- This site is optimized with the Yoast SEO Premium plugin v22.3 (Yoast SEO v23.0) - https:\/\/yoast.com\/wordpress\/plugins\/seo\/ -->\n<title>Vertical Panel - ciclopistas.com<\/title>\n<meta name=\"description\" content=\"Introduce safety and clarity with our innovative vertical panel, designed to always guide and protect motorists, pedestrians and cyclists.\" \/>\n<meta name=\"robots\" content=\"index, follow, max-snippet:-1, max-image-preview:large, max-video-preview:-1\" \/>\n<link rel=\"canonical\" href=\"https:\/\/ciclovias.es\/en\/producto\/vertical-panel\/\" \/>\n<meta property=\"og:locale\" content=\"en_US\" \/>\n<meta property=\"og:type\" content=\"article\" \/>\n<meta property=\"og:title\" content=\"Vertical Panel\" \/>\n<meta property=\"og:description\" content=\"Introduce safety and clarity with our innovative vertical panel, designed to always guide and protect motorists, pedestrians and cyclists.\" \/>\n<meta property=\"og:url\" content=\"https:\/\/ciclovias.es\/en\/producto\/vertical-panel\/\" \/>\n<meta property=\"og:site_name\" content=\"ciclopistas.com\" \/>\n<meta property=\"article:publisher\" content=\"https:\/\/www.facebook.com\/multisenal\/\" \/>\n<meta property=\"article:modified_time\" content=\"2024-08-20T17:33:33+00:00\" \/>\n<meta property=\"og:image\" content=\"https:\/\/ciclovias.es\/wp-content\/uploads\/2024\/06\/Producto-Ciclopistas-40.webp\" \/>\n\t<meta property=\"og:image:width\" content=\"1200\" \/>\n\t<meta property=\"og:image:height\" content=\"1200\" \/>\n\t<meta property=\"og:image:type\" content=\"image\/webp\" \/>\n<meta name=\"twitter:card\" content=\"summary_large_image\" \/>\n<meta name=\"twitter:site\" content=\"@multisenal\" \/>\n<meta name=\"twitter:label1\" content=\"Est. reading time\" \/>\n\t<meta name=\"twitter:data1\" content=\"2 minutes\" \/>\n<script type=\"application\/ld+json\" class=\"yoast-schema-graph\">{\"@context\":\"https:\/\/schema.org\",\"@graph\":[{\"@type\":\"WebPage\",\"@id\":\"https:\/\/ciclovias.es\/en\/producto\/vertical-panel\/\",\"url\":\"https:\/\/ciclovias.es\/en\/producto\/vertical-panel\/\",\"name\":\"Vertical Panel - ciclopistas.com\",\"isPartOf\":{\"@id\":\"https:\/\/ciclovias.es\/#website\"},\"primaryImageOfPage\":{\"@id\":\"https:\/\/ciclovias.es\/en\/producto\/vertical-panel\/#primaryimage\"},\"image\":{\"@id\":\"https:\/\/ciclovias.es\/en\/producto\/vertical-panel\/#primaryimage\"},\"thumbnailUrl\":\"https:\/\/ciclovias.es\/wp-content\/uploads\/2024\/06\/Producto-Ciclopistas-40.webp\",\"datePublished\":\"2024-07-28T22:17:12+00:00\",\"dateModified\":\"2024-08-20T17:33:33+00:00\",\"description\":\"Introduce safety and clarity with our innovative vertical panel, designed to always guide and protect motorists, pedestrians and cyclists.\",\"breadcrumb\":{\"@id\":\"https:\/\/ciclovias.es\/en\/producto\/vertical-panel\/#breadcrumb\"},\"inLanguage\":\"en-US\",\"potentialAction\":[{\"@type\":\"ReadAction\",\"target\":[\"https:\/\/ciclovias.es\/en\/producto\/vertical-panel\/\"]}]},{\"@type\":\"ImageObject\",\"inLanguage\":\"en-US\",\"@id\":\"https:\/\/ciclovias.es\/en\/producto\/vertical-panel\/#primaryimage\",\"url\":\"https:\/\/ciclovias.es\/wp-content\/uploads\/2024\/06\/Producto-Ciclopistas-40.webp\",\"contentUrl\":\"https:\/\/ciclovias.es\/wp-content\/uploads\/2024\/06\/Producto-Ciclopistas-40.webp\",\"width\":1200,\"height\":1200,\"caption\":\"La Paleta Unix Base Abatible es resistente a impactos. Perfecta para se\u00f1alizar el inicio o fin de una ciclov\u00eda. Cuenta con propiedades lum\u00ednicas.\"},{\"@type\":\"BreadcrumbList\",\"@id\":\"https:\/\/ciclovias.es\/en\/producto\/vertical-panel\/#breadcrumb\",\"itemListElement\":[{\"@type\":\"ListItem\",\"position\":1,\"name\":\"Inicio\",\"item\":\"https:\/\/ciclovias.es\/en\/\"},{\"@type\":\"ListItem\",\"position\":2,\"name\":\"Tienda\",\"item\":\"https:\/\/ciclovias.es\/tienda\/\"},{\"@type\":\"ListItem\",\"position\":3,\"name\":\"Vertical Panel\"}]},{\"@type\":\"WebSite\",\"@id\":\"https:\/\/ciclovias.es\/#website\",\"url\":\"https:\/\/ciclovias.es\/\",\"name\":\"ciclopistas.com\",\"description\":\"\",\"publisher\":{\"@id\":\"https:\/\/ciclovias.es\/#organization\"},\"potentialAction\":[{\"@type\":\"SearchAction\",\"target\":{\"@type\":\"EntryPoint\",\"urlTemplate\":\"https:\/\/ciclovias.es\/?s={search_term_string}\"},\"query-input\":\"required name=search_term_string\"}],\"inLanguage\":\"en-US\"},{\"@type\":\"Organization\",\"@id\":\"https:\/\/ciclovias.es\/#organization\",\"name\":\"ciclopistas.com\",\"url\":\"https:\/\/ciclovias.es\/\",\"logo\":{\"@type\":\"ImageObject\",\"inLanguage\":\"en-US\",\"@id\":\"https:\/\/ciclovias.es\/#\/schema\/logo\/image\/\",\"url\":\"https:\/\/ciclopistas.com\/wp-content\/uploads\/2024\/06\/ciclopistas.com_-1.png\",\"contentUrl\":\"https:\/\/ciclopistas.com\/wp-content\/uploads\/2024\/06\/ciclopistas.com_-1.png\",\"width\":768,\"height\":220,\"caption\":\"ciclopistas.com\"},\"image\":{\"@id\":\"https:\/\/ciclovias.es\/#\/schema\/logo\/image\/\"},\"sameAs\":[\"https:\/\/www.facebook.com\/multisenal\/\",\"https:\/\/x.com\/multisenal\",\"https:\/\/www.instagram.com\/multisenalmx\/\",\"https:\/\/www.linkedin.com\/company\/multisenalmexico\/\",\"https:\/\/www.youtube.com\/@multisenaloficial\"]}]}<\/script>\n<!-- \/ Yoast SEO Premium plugin. -->","yoast_head_json":{"title":"Vertical Panel - ciclopistas.com","description":"Introduce safety and clarity with our innovative vertical panel, designed to always guide and protect motorists, pedestrians and cyclists.","robots":{"index":"index","follow":"follow","max-snippet":"max-snippet:-1","max-image-preview":"max-image-preview:large","max-video-preview":"max-video-preview:-1"},"canonical":"https:\/\/ciclovias.es\/en\/producto\/vertical-panel\/","og_locale":"en_US","og_type":"article","og_title":"Vertical Panel","og_description":"Introduce safety and clarity with our innovative vertical panel, designed to always guide and protect motorists, pedestrians and cyclists.","og_url":"https:\/\/ciclovias.es\/en\/producto\/vertical-panel\/","og_site_name":"ciclopistas.com","article_publisher":"https:\/\/www.facebook.com\/multisenal\/","article_modified_time":"2024-08-20T17:33:33+00:00","og_image":[{"width":1200,"height":1200,"url":"https:\/\/ciclovias.es\/wp-content\/uploads\/2024\/06\/Producto-Ciclopistas-40.webp","type":"image\/webp"}],"twitter_card":"summary_large_image","twitter_site":"@multisenal","twitter_misc":{"Est. reading time":"2 minutes"},"schema":{"@context":"https:\/\/schema.org","@graph":[{"@type":"WebPage","@id":"https:\/\/ciclovias.es\/en\/producto\/vertical-panel\/","url":"https:\/\/ciclovias.es\/en\/producto\/vertical-panel\/","name":"Vertical Panel - ciclopistas.com","isPartOf":{"@id":"https:\/\/ciclovias.es\/#website"},"primaryImageOfPage":{"@id":"https:\/\/ciclovias.es\/en\/producto\/vertical-panel\/#primaryimage"},"image":{"@id":"https:\/\/ciclovias.es\/en\/producto\/vertical-panel\/#primaryimage"},"thumbnailUrl":"https:\/\/ciclovias.es\/wp-content\/uploads\/2024\/06\/Producto-Ciclopistas-40.webp","datePublished":"2024-07-28T22:17:12+00:00","dateModified":"2024-08-20T17:33:33+00:00","description":"Introduce safety and clarity with our innovative vertical panel, designed to always guide and protect motorists, pedestrians and cyclists.","breadcrumb":{"@id":"https:\/\/ciclovias.es\/en\/producto\/vertical-panel\/#breadcrumb"},"inLanguage":"en-US","potentialAction":[{"@type":"ReadAction","target":["https:\/\/ciclovias.es\/en\/producto\/vertical-panel\/"]}]},{"@type":"ImageObject","inLanguage":"en-US","@id":"https:\/\/ciclovias.es\/en\/producto\/vertical-panel\/#primaryimage","url":"https:\/\/ciclovias.es\/wp-content\/uploads\/2024\/06\/Producto-Ciclopistas-40.webp","contentUrl":"https:\/\/ciclovias.es\/wp-content\/uploads\/2024\/06\/Producto-Ciclopistas-40.webp","width":1200,"height":1200,"caption":"La Paleta Unix Base Abatible es resistente a impactos. Perfecta para se\u00f1alizar el inicio o fin de una ciclov\u00eda. Cuenta con propiedades lum\u00ednicas."},{"@type":"BreadcrumbList","@id":"https:\/\/ciclovias.es\/en\/producto\/vertical-panel\/#breadcrumb","itemListElement":[{"@type":"ListItem","position":1,"name":"Inicio","item":"https:\/\/ciclovias.es\/en\/"},{"@type":"ListItem","position":2,"name":"Tienda","item":"https:\/\/ciclovias.es\/tienda\/"},{"@type":"ListItem","position":3,"name":"Vertical Panel"}]},{"@type":"WebSite","@id":"https:\/\/ciclovias.es\/#website","url":"https:\/\/ciclovias.es\/","name":"ciclopistas.com","description":"","publisher":{"@id":"https:\/\/ciclovias.es\/#organization"},"potentialAction":[{"@type":"SearchAction","target":{"@type":"EntryPoint","urlTemplate":"https:\/\/ciclovias.es\/?s={search_term_string}"},"query-input":"required name=search_term_string"}],"inLanguage":"en-US"},{"@type":"Organization","@id":"https:\/\/ciclovias.es\/#organization","name":"ciclopistas.com","url":"https:\/\/ciclovias.es\/","logo":{"@type":"ImageObject","inLanguage":"en-US","@id":"https:\/\/ciclovias.es\/#\/schema\/logo\/image\/","url":"https:\/\/ciclopistas.com\/wp-content\/uploads\/2024\/06\/ciclopistas.com_-1.png","contentUrl":"https:\/\/ciclopistas.com\/wp-content\/uploads\/2024\/06\/ciclopistas.com_-1.png","width":768,"height":220,"caption":"ciclopistas.com"},"image":{"@id":"https:\/\/ciclovias.es\/#\/schema\/logo\/image\/"},"sameAs":["https:\/\/www.facebook.com\/multisenal\/","https:\/\/x.com\/multisenal","https:\/\/www.instagram.com\/multisenalmx\/","https:\/\/www.linkedin.com\/company\/multisenalmexico\/","https:\/\/www.youtube.com\/@multisenaloficial"]}]}},"_links":{"self":[{"href":"https:\/\/ciclovias.es\/en\/wp-json\/wp\/v2\/product\/6315","targetHints":{"allow":["GET"]}}],"collection":[{"href":"https:\/\/ciclovias.es\/en\/wp-json\/wp\/v2\/product"}],"about":[{"href":"https:\/\/ciclovias.es\/en\/wp-json\/wp\/v2\/types\/product"}],"replies":[{"embeddable":true,"href":"https:\/\/ciclovias.es\/en\/wp-json\/wp\/v2\/comments?post=6315"}],"wp:featuredmedia":[{"embeddable":true,"href":"https:\/\/ciclovias.es\/en\/wp-json\/wp\/v2\/media\/3807"}],"wp:attachment":[{"href":"https:\/\/ciclovias.es\/en\/wp-json\/wp\/v2\/media?parent=6315"}],"wp:term":[{"taxonomy":"product_cat","embeddable":true,"href":"https:\/\/ciclovias.es\/en\/wp-json\/wp\/v2\/product_cat?post=6315"},{"taxonomy":"product_tag","embeddable":true,"href":"https:\/\/ciclovias.es\/en\/wp-json\/wp\/v2\/product_tag?post=6315"}],"curies":[{"name":"wp","href":"https:\/\/api.w.org\/{rel}","templated":true}]}}