{"id":6319,"date":"2024-07-24T22:23:47","date_gmt":"2024-07-24T22:23:47","guid":{"rendered":"https:\/\/ciclopistas.com\/?post_type=product&#038;p=6319"},"modified":"2024-08-20T17:45:13","modified_gmt":"2024-08-20T17:45:13","slug":"oval-road-stud","status":"publish","type":"product","link":"https:\/\/ciclovias.es\/en\/producto\/oval-road-stud\/","title":{"rendered":"Oval Road Stud"},"content":{"rendered":"<p>Protect <a href=\"https:\/\/multisenal.com\/blog\/las-ciudades-mas-bike-friendly-del-mundo\/\">cyclists<\/a> and optimize traffic with oval road stud. Manufactured in highly resistant ABS with UV protection for an exceptional durability; useful and elegant to delineate bike ways.<\/p>\n<p>Oval road stud, designed to withstand heavy duty use and extreme climate conditions. Robust building in ABS with UV protection guarantees a long-life span and a reliable performance in any environment.<\/p>\n<p>Its unique oval shape along with its ideal height oblige users to reduce speeds and improve visibility, creating a safer environment for cyclists and pedestrians.<\/p>\n<p>Anti-slip surface guarantees a firm grip in all the climate conditions. Due that, is extremely useful to protect bike lanes.<\/p>\n<p>Equipped with two reflective cat eyes per face, acrylic cover for a longer life span, the oval road stud guarantees excellent visibility even in low light conditions. Option of white or red reflectors, and option to customize with other colors upon request, allow greater flexibility to adapt to their specific needs.<\/p>\n<p>Thanks to intelligent and lightweight design, is installed easily. This is anchored to floor through ultra-fix screws with expansion anchors, guaranteeing a safe and firm fastening.<\/p>\n<p style=\"font-weight: 400;\"><strong>Benefits:<\/strong><\/p>\n<p style=\"font-weight: 400;\">\ud83d\udeb4\u200d\u2640\ufe0fOptimize road transit, promoting road safety<\/p>\n<p style=\"font-weight: 400;\">\ud83d\udeb4\u200d\u2640\ufe0fProtect cyclists and pedestrians from vehicles<\/p>\n<p style=\"font-weight: 400;\">\ud83d\udeb4\u200d\u2640\ufe0fReduce speed of motorists in sensitive areas<\/p>\n<p style=\"font-weight: 400;\">\ud83d\udeb4\u200d\u2640\ufe0fImprove visibility in low light conditions<\/p>\n<p style=\"font-weight: 400;\">\ud83d\udeb4\u200d\u2640\ufe0fEasy installation and maintenance<\/p>\n<p style=\"font-weight: 400;\">\ud83d\udeb4\u200d\u2640\ufe0fDurable and resistant construction to inclemency<\/p>\n<p style=\"font-weight: 400;\"><strong>Ideal for:<\/strong><\/p>\n<p style=\"font-weight: 400;\">\ud83d\udeb4\u200d\u2640\ufe0fBike ways<\/p>\n<p style=\"font-weight: 400;\">\ud83d\udeb4\u200d\u2640\ufe0fExclusive lanes for pedestrians<\/p>\n<p style=\"font-weight: 400;\">\ud83d\udeb4\u200d\u2640\ufe0fEntrances and exits of parking lots<\/p>\n<p style=\"font-weight: 400;\">\ud83d\udeb4\u200d\u2640\ufe0fDangerous zone delimitation as bridges, tunnels, slopes or curves<\/p>\n<p style=\"font-weight: 400;\">\ud83d\udeb4\u200d\u2640\ufe0fLane separation<\/p>\n<p style=\"font-weight: 400;\">\ud83d\udeb4\u200d\u2640\ufe0fAvailable in yellow color with white or red reflectors. Other colors available upon request of a minimum purchase of 200 units.<\/p>\n<p>Check our <a href=\"https:\/\/ciclopistas.com\/productos-ciclovias\/\">complete catalog<\/a>.<\/p>\n<p><img fetchpriority=\"high\" decoding=\"async\" class=\" wp-image-5516 aligncenter\" src=\"https:\/\/ciclopistas.com\/wp-content\/uploads\/2024\/06\/img-via-19-300x225.webp\" alt=\"\" width=\"364\" height=\"273\" srcset=\"https:\/\/ciclovias.es\/wp-content\/uploads\/2024\/06\/img-via-19-300x225.webp 300w, https:\/\/ciclovias.es\/wp-content\/uploads\/2024\/06\/img-via-19-1024x767.webp 1024w, https:\/\/ciclovias.es\/wp-content\/uploads\/2024\/06\/img-via-19-768x575.webp 768w, https:\/\/ciclovias.es\/wp-content\/uploads\/2024\/06\/img-via-19-600x450.webp 600w, https:\/\/ciclovias.es\/wp-content\/uploads\/2024\/06\/img-via-19.webp 1276w\" sizes=\"(max-width: 364px) 100vw, 364px\" \/><\/p>\n","protected":false},"excerpt":{"rendered":"<p><strong>Product Name: Vialet\u00f3n 19<\/strong><\/p>\n<p><strong>SKU: VIA-19<\/strong><\/p>\n<table>\n<tbody>\n<tr>\n<td style=\"text-align: center;\"><strong>SPANISH<\/strong><\/td>\n<td style=\"text-align: center;\"><strong>ENGLISH<\/strong><\/td>\n<td style=\"text-align: center;\"><strong>360\u00ba<\/strong><\/td>\n<\/tr>\n<tr>\n<td><a href=\"https:\/\/multisenal.com.mx\/FichasTecnicas\/Vialeton-VIA-19-ES.pdf\"><img decoding=\"async\" class=\"wp-image-5524 aligncenter\" src=\"https:\/\/ciclopistas.com\/wp-content\/uploads\/2024\/06\/img-pdf-ciclopistas.webp\" alt=\"\" width=\"49\" height=\"49\" \/><\/a><\/td>\n<td><a href=\"https:\/\/multisenal.com.mx\/FichasTecnicas\/Vialeton-VIA-19-EN.pdf\"><img decoding=\"async\" class=\"wp-image-5524 aligncenter\" src=\"https:\/\/ciclopistas.com\/wp-content\/uploads\/2024\/06\/img-pdf-ciclopistas.webp\" alt=\"\" width=\"49\" height=\"49\" \/><\/a><\/td>\n<td><a href=\"https:\/\/ciclopistas.com\/renders\/boya-oval-modelo-360\/\"><img decoding=\"async\" class=\"wp-image-5524 aligncenter\" src=\"https:\/\/ciclopistas.com\/wp-content\/uploads\/2024\/06\/img-modelo3D.webp\" alt=\"\" width=\"49\" height=\"49\" \/><\/a><\/td>\n<\/tr>\n<\/tbody>\n<\/table>\n","protected":false},"featured_media":3774,"comment_status":"open","ping_status":"closed","template":"","meta":[],"product_cat":[63,67],"product_tag":[],"class_list":{"0":"post-6319","1":"product","2":"type-product","3":"status-publish","4":"has-post-thumbnail","6":"product_cat-boyas","7":"product_cat-road-delineation-en","9":"first","10":"instock","11":"shipping-taxable","12":"product-type-simple"},"yoast_head":"<!-- This site is optimized with the Yoast SEO Premium plugin v22.3 (Yoast SEO v23.0) - https:\/\/yoast.com\/wordpress\/plugins\/seo\/ -->\n<title>Oval Road Stud - ciclopistas.com<\/title>\n<meta name=\"description\" content=\"Protect cyclists and optimize traffic with oval road stud. Manufactured in highly resistant ABS with UV protection for an exceptional durability.\" \/>\n<meta name=\"robots\" content=\"index, follow, max-snippet:-1, max-image-preview:large, max-video-preview:-1\" \/>\n<link rel=\"canonical\" href=\"https:\/\/ciclovias.es\/en\/producto\/oval-road-stud\/\" \/>\n<meta property=\"og:locale\" content=\"en_US\" \/>\n<meta property=\"og:type\" content=\"article\" \/>\n<meta property=\"og:title\" content=\"Oval Road Stud\" \/>\n<meta property=\"og:description\" content=\"Protect cyclists and optimize traffic with oval road stud. Manufactured in highly resistant ABS with UV protection for an exceptional durability.\" \/>\n<meta property=\"og:url\" content=\"https:\/\/ciclovias.es\/en\/producto\/oval-road-stud\/\" \/>\n<meta property=\"og:site_name\" content=\"ciclopistas.com\" \/>\n<meta property=\"article:publisher\" content=\"https:\/\/www.facebook.com\/multisenal\/\" \/>\n<meta property=\"article:modified_time\" content=\"2024-08-20T17:45:13+00:00\" \/>\n<meta property=\"og:image\" content=\"https:\/\/ciclovias.es\/wp-content\/uploads\/2024\/06\/Producto-Ciclopistas-35.webp\" \/>\n\t<meta property=\"og:image:width\" content=\"1200\" \/>\n\t<meta property=\"og:image:height\" content=\"1200\" \/>\n\t<meta property=\"og:image:type\" content=\"image\/webp\" \/>\n<meta name=\"twitter:card\" content=\"summary_large_image\" \/>\n<meta name=\"twitter:site\" content=\"@multisenal\" \/>\n<meta name=\"twitter:label1\" content=\"Est. reading time\" \/>\n\t<meta name=\"twitter:data1\" content=\"2 minutes\" \/>\n<script type=\"application\/ld+json\" class=\"yoast-schema-graph\">{\"@context\":\"https:\/\/schema.org\",\"@graph\":[{\"@type\":\"WebPage\",\"@id\":\"https:\/\/ciclovias.es\/en\/producto\/oval-road-stud\/\",\"url\":\"https:\/\/ciclovias.es\/en\/producto\/oval-road-stud\/\",\"name\":\"Oval Road Stud - ciclopistas.com\",\"isPartOf\":{\"@id\":\"https:\/\/ciclovias.es\/#website\"},\"primaryImageOfPage\":{\"@id\":\"https:\/\/ciclovias.es\/en\/producto\/oval-road-stud\/#primaryimage\"},\"image\":{\"@id\":\"https:\/\/ciclovias.es\/en\/producto\/oval-road-stud\/#primaryimage\"},\"thumbnailUrl\":\"https:\/\/ciclovias.es\/wp-content\/uploads\/2024\/06\/Producto-Ciclopistas-35.webp\",\"datePublished\":\"2024-07-24T22:23:47+00:00\",\"dateModified\":\"2024-08-20T17:45:13+00:00\",\"description\":\"Protect cyclists and optimize traffic with oval road stud. Manufactured in highly resistant ABS with UV protection for an exceptional durability.\",\"breadcrumb\":{\"@id\":\"https:\/\/ciclovias.es\/en\/producto\/oval-road-stud\/#breadcrumb\"},\"inLanguage\":\"en-US\",\"potentialAction\":[{\"@type\":\"ReadAction\",\"target\":[\"https:\/\/ciclovias.es\/en\/producto\/oval-road-stud\/\"]}]},{\"@type\":\"ImageObject\",\"inLanguage\":\"en-US\",\"@id\":\"https:\/\/ciclovias.es\/en\/producto\/oval-road-stud\/#primaryimage\",\"url\":\"https:\/\/ciclovias.es\/wp-content\/uploads\/2024\/06\/Producto-Ciclopistas-35.webp\",\"contentUrl\":\"https:\/\/ciclovias.es\/wp-content\/uploads\/2024\/06\/Producto-Ciclopistas-35.webp\",\"width\":1200,\"height\":1200,\"caption\":\"Por su dise\u00f1o, altura y resistencia, el vialeton 19 es la opci\u00f3n ideal para confinar carriles exclusivos. Perfecto para delimitar ciclov\u00edas.\"},{\"@type\":\"BreadcrumbList\",\"@id\":\"https:\/\/ciclovias.es\/en\/producto\/oval-road-stud\/#breadcrumb\",\"itemListElement\":[{\"@type\":\"ListItem\",\"position\":1,\"name\":\"Inicio\",\"item\":\"https:\/\/ciclovias.es\/en\/\"},{\"@type\":\"ListItem\",\"position\":2,\"name\":\"Tienda\",\"item\":\"https:\/\/ciclovias.es\/tienda\/\"},{\"@type\":\"ListItem\",\"position\":3,\"name\":\"Oval Road Stud\"}]},{\"@type\":\"WebSite\",\"@id\":\"https:\/\/ciclovias.es\/#website\",\"url\":\"https:\/\/ciclovias.es\/\",\"name\":\"ciclopistas.com\",\"description\":\"\",\"publisher\":{\"@id\":\"https:\/\/ciclovias.es\/#organization\"},\"potentialAction\":[{\"@type\":\"SearchAction\",\"target\":{\"@type\":\"EntryPoint\",\"urlTemplate\":\"https:\/\/ciclovias.es\/?s={search_term_string}\"},\"query-input\":\"required name=search_term_string\"}],\"inLanguage\":\"en-US\"},{\"@type\":\"Organization\",\"@id\":\"https:\/\/ciclovias.es\/#organization\",\"name\":\"ciclopistas.com\",\"url\":\"https:\/\/ciclovias.es\/\",\"logo\":{\"@type\":\"ImageObject\",\"inLanguage\":\"en-US\",\"@id\":\"https:\/\/ciclovias.es\/#\/schema\/logo\/image\/\",\"url\":\"https:\/\/ciclopistas.com\/wp-content\/uploads\/2024\/06\/ciclopistas.com_-1.png\",\"contentUrl\":\"https:\/\/ciclopistas.com\/wp-content\/uploads\/2024\/06\/ciclopistas.com_-1.png\",\"width\":768,\"height\":220,\"caption\":\"ciclopistas.com\"},\"image\":{\"@id\":\"https:\/\/ciclovias.es\/#\/schema\/logo\/image\/\"},\"sameAs\":[\"https:\/\/www.facebook.com\/multisenal\/\",\"https:\/\/x.com\/multisenal\",\"https:\/\/www.instagram.com\/multisenalmx\/\",\"https:\/\/www.linkedin.com\/company\/multisenalmexico\/\",\"https:\/\/www.youtube.com\/@multisenaloficial\"]}]}<\/script>\n<!-- \/ Yoast SEO Premium plugin. -->","yoast_head_json":{"title":"Oval Road Stud - ciclopistas.com","description":"Protect cyclists and optimize traffic with oval road stud. Manufactured in highly resistant ABS with UV protection for an exceptional durability.","robots":{"index":"index","follow":"follow","max-snippet":"max-snippet:-1","max-image-preview":"max-image-preview:large","max-video-preview":"max-video-preview:-1"},"canonical":"https:\/\/ciclovias.es\/en\/producto\/oval-road-stud\/","og_locale":"en_US","og_type":"article","og_title":"Oval Road Stud","og_description":"Protect cyclists and optimize traffic with oval road stud. Manufactured in highly resistant ABS with UV protection for an exceptional durability.","og_url":"https:\/\/ciclovias.es\/en\/producto\/oval-road-stud\/","og_site_name":"ciclopistas.com","article_publisher":"https:\/\/www.facebook.com\/multisenal\/","article_modified_time":"2024-08-20T17:45:13+00:00","og_image":[{"width":1200,"height":1200,"url":"https:\/\/ciclovias.es\/wp-content\/uploads\/2024\/06\/Producto-Ciclopistas-35.webp","type":"image\/webp"}],"twitter_card":"summary_large_image","twitter_site":"@multisenal","twitter_misc":{"Est. reading time":"2 minutes"},"schema":{"@context":"https:\/\/schema.org","@graph":[{"@type":"WebPage","@id":"https:\/\/ciclovias.es\/en\/producto\/oval-road-stud\/","url":"https:\/\/ciclovias.es\/en\/producto\/oval-road-stud\/","name":"Oval Road Stud - ciclopistas.com","isPartOf":{"@id":"https:\/\/ciclovias.es\/#website"},"primaryImageOfPage":{"@id":"https:\/\/ciclovias.es\/en\/producto\/oval-road-stud\/#primaryimage"},"image":{"@id":"https:\/\/ciclovias.es\/en\/producto\/oval-road-stud\/#primaryimage"},"thumbnailUrl":"https:\/\/ciclovias.es\/wp-content\/uploads\/2024\/06\/Producto-Ciclopistas-35.webp","datePublished":"2024-07-24T22:23:47+00:00","dateModified":"2024-08-20T17:45:13+00:00","description":"Protect cyclists and optimize traffic with oval road stud. Manufactured in highly resistant ABS with UV protection for an exceptional durability.","breadcrumb":{"@id":"https:\/\/ciclovias.es\/en\/producto\/oval-road-stud\/#breadcrumb"},"inLanguage":"en-US","potentialAction":[{"@type":"ReadAction","target":["https:\/\/ciclovias.es\/en\/producto\/oval-road-stud\/"]}]},{"@type":"ImageObject","inLanguage":"en-US","@id":"https:\/\/ciclovias.es\/en\/producto\/oval-road-stud\/#primaryimage","url":"https:\/\/ciclovias.es\/wp-content\/uploads\/2024\/06\/Producto-Ciclopistas-35.webp","contentUrl":"https:\/\/ciclovias.es\/wp-content\/uploads\/2024\/06\/Producto-Ciclopistas-35.webp","width":1200,"height":1200,"caption":"Por su dise\u00f1o, altura y resistencia, el vialeton 19 es la opci\u00f3n ideal para confinar carriles exclusivos. Perfecto para delimitar ciclov\u00edas."},{"@type":"BreadcrumbList","@id":"https:\/\/ciclovias.es\/en\/producto\/oval-road-stud\/#breadcrumb","itemListElement":[{"@type":"ListItem","position":1,"name":"Inicio","item":"https:\/\/ciclovias.es\/en\/"},{"@type":"ListItem","position":2,"name":"Tienda","item":"https:\/\/ciclovias.es\/tienda\/"},{"@type":"ListItem","position":3,"name":"Oval Road Stud"}]},{"@type":"WebSite","@id":"https:\/\/ciclovias.es\/#website","url":"https:\/\/ciclovias.es\/","name":"ciclopistas.com","description":"","publisher":{"@id":"https:\/\/ciclovias.es\/#organization"},"potentialAction":[{"@type":"SearchAction","target":{"@type":"EntryPoint","urlTemplate":"https:\/\/ciclovias.es\/?s={search_term_string}"},"query-input":"required name=search_term_string"}],"inLanguage":"en-US"},{"@type":"Organization","@id":"https:\/\/ciclovias.es\/#organization","name":"ciclopistas.com","url":"https:\/\/ciclovias.es\/","logo":{"@type":"ImageObject","inLanguage":"en-US","@id":"https:\/\/ciclovias.es\/#\/schema\/logo\/image\/","url":"https:\/\/ciclopistas.com\/wp-content\/uploads\/2024\/06\/ciclopistas.com_-1.png","contentUrl":"https:\/\/ciclopistas.com\/wp-content\/uploads\/2024\/06\/ciclopistas.com_-1.png","width":768,"height":220,"caption":"ciclopistas.com"},"image":{"@id":"https:\/\/ciclovias.es\/#\/schema\/logo\/image\/"},"sameAs":["https:\/\/www.facebook.com\/multisenal\/","https:\/\/x.com\/multisenal","https:\/\/www.instagram.com\/multisenalmx\/","https:\/\/www.linkedin.com\/company\/multisenalmexico\/","https:\/\/www.youtube.com\/@multisenaloficial"]}]}},"_links":{"self":[{"href":"https:\/\/ciclovias.es\/en\/wp-json\/wp\/v2\/product\/6319","targetHints":{"allow":["GET"]}}],"collection":[{"href":"https:\/\/ciclovias.es\/en\/wp-json\/wp\/v2\/product"}],"about":[{"href":"https:\/\/ciclovias.es\/en\/wp-json\/wp\/v2\/types\/product"}],"replies":[{"embeddable":true,"href":"https:\/\/ciclovias.es\/en\/wp-json\/wp\/v2\/comments?post=6319"}],"wp:featuredmedia":[{"embeddable":true,"href":"https:\/\/ciclovias.es\/en\/wp-json\/wp\/v2\/media\/3774"}],"wp:attachment":[{"href":"https:\/\/ciclovias.es\/en\/wp-json\/wp\/v2\/media?parent=6319"}],"wp:term":[{"taxonomy":"product_cat","embeddable":true,"href":"https:\/\/ciclovias.es\/en\/wp-json\/wp\/v2\/product_cat?post=6319"},{"taxonomy":"product_tag","embeddable":true,"href":"https:\/\/ciclovias.es\/en\/wp-json\/wp\/v2\/product_tag?post=6319"}],"curies":[{"name":"wp","href":"https:\/\/api.w.org\/{rel}","templated":true}]}}