{"id":6324,"date":"2024-07-19T22:34:41","date_gmt":"2024-07-19T22:34:41","guid":{"rendered":"https:\/\/ciclopistas.com\/?post_type=product&#038;p=6324"},"modified":"2024-08-20T17:36:41","modified_gmt":"2024-08-20T17:36:41","slug":"leader-60-lane-separator","status":"publish","type":"product","link":"https:\/\/ciclovias.es\/en\/producto\/leader-60-lane-separator\/","title":{"rendered":"Leader 60 Lane Separator"},"content":{"rendered":"<div class=\"page\" title=\"Page 1\">\n<div class=\"section\">\n<div class=\"layoutArea\">\n<div class=\"column\">Optimize road safety with the leader 60 lane separator, an <a href=\"https:\/\/ciclopistas.com\/productos-ciclovias\/\">horizontal signage<\/a> one of its kind. Designed to set on pavement, this innovative device not only separates vehicle traffic but delimit exclusive lanes as <a href=\"https:\/\/multisenal.com.mx\/blog\/derechos-y-obligaciones-de-los-ciclistas-conoces-todas-las-reglas\/\">bike ways<\/a>, guaranteeing an organized and safe circulation for pedestrians and cyclists.<\/div>\n<\/div>\n<\/div>\n<\/div>\n<p style=\"font-weight: 400;\"><strong>Key Features:<\/strong><\/p>\n<p>&#8211; <strong>Safety first<\/strong>: In high transit roads, leader 60 lane separator offers a clear and efficient signage, marking precisely the limit zones and detour routes. This ensures vehicle transit is separated from cyclist.<\/p>\n<p>&#8211; <strong>Superior Adaptability:<\/strong> Its robust design and easy installation allow a quick and effective implementation in any urban environment. Ideal to manage traffic in critical areas and ensure a fluent circulation without committing safety.<\/p>\n<p>&#8211; <strong>Advanced Versatility:<\/strong> Perfect for diverse applications, from lane delimitation to restricted area signage, the lane separator is the final choice for municipalities, companies and government entities committed with road safety and transit efficiency; it also helps to confine bike lanes and make them safer.<\/p>\n<p style=\"font-weight: 400;\"><strong>General Features<\/strong><\/p>\n<ul>\n<li>Excellent channelizer manufactured in polyethylene, material that doesn\u2019t cause any damage to vehicles.<\/li>\n<li>Line colors: yellow or green for great durability.<\/li>\n<li>Protection against UV rays, oil and extreme temperature changes.<\/li>\n<li>In one piece with 100% recycled material.<\/li>\n<li>Designed with reflective strips on sides and ends.<\/li>\n<li>Channelizer is a safety element ideal for restricted zones or detours; with 8 reflective stripes for more efficiency during night.<\/li>\n<li>Easy to install, transport and stack, perfect to save space, besides, it has a lightweight body suitable for easier and safer installations.<\/li>\n<li>Body includes two boreholes for easy installation with anchors (not included).<\/li>\n<\/ul>\n<p style=\"font-weight: 400;\"><strong>Measurements:<\/strong><\/p>\n<p>Length: 23.6 in,<br \/>\nWidth: 5.5 in and Height: 3.5 in<br \/>\nReflective Sheeting: Sides and ends<br \/>\nReflective sheeting color: White or amber<\/p>\n","protected":false},"excerpt":{"rendered":"<p><strong>Product Name: Canalizador L\u00edder 60<\/strong><\/p>\n<p><strong>SKU: CAN-L-60<\/strong><\/p>\n<table>\n<tbody>\n<tr>\n<td style=\"text-align: center;\"><strong>SPANISH<\/strong><\/td>\n<td style=\"text-align: center;\"><strong>ENGLISH<\/strong><\/td>\n<td style=\"text-align: center;\"><strong>360\u00ba<\/strong><\/td>\n<\/tr>\n<tr>\n<td><a href=\"https:\/\/multisenal.com.mx\/FichasTecnicas\/Canalizador-CANL60-ES.pdf\"><img decoding=\"async\" class=\"wp-image-5524 aligncenter\" src=\"https:\/\/ciclopistas.com\/wp-content\/uploads\/2024\/06\/img-pdf-ciclopistas.webp\" alt=\"\" width=\"49\" height=\"49\" \/><\/a><\/td>\n<td><a href=\"https:\/\/multisenal.com.mx\/FichasTecnicas\/Canalizador-CANL60-EN.pdf\"><img decoding=\"async\" class=\"wp-image-5524 aligncenter\" src=\"https:\/\/ciclopistas.com\/wp-content\/uploads\/2024\/06\/img-pdf-ciclopistas.webp\" alt=\"\" width=\"49\" height=\"49\" \/><\/a><\/td>\n<td><a href=\"https:\/\/ciclopistas.com\/renders\/canalizador-lider-60-modelo-360\/\"><img decoding=\"async\" class=\"wp-image-5524 aligncenter\" src=\"https:\/\/ciclopistas.com\/wp-content\/uploads\/2024\/06\/img-modelo3D.webp\" alt=\"\" width=\"49\" height=\"49\" \/><\/a><\/td>\n<\/tr>\n<\/tbody>\n<\/table>\n","protected":false},"featured_media":3804,"comment_status":"open","ping_status":"closed","template":"","meta":[],"product_cat":[71],"product_tag":[],"class_list":{"0":"post-6324","1":"product","2":"type-product","3":"status-publish","4":"has-post-thumbnail","6":"product_cat-lane-separators","8":"first","9":"instock","10":"shipping-taxable","11":"product-type-simple"},"yoast_head":"<!-- This site is optimized with the Yoast SEO Premium plugin v22.3 (Yoast SEO v23.0) - https:\/\/yoast.com\/wordpress\/plugins\/seo\/ -->\n<title>Leader 60 Lane Separator - ciclopistas.com<\/title>\n<meta name=\"description\" content=\"Optimize road safety with the leader 60 lane separator, an horizontal signage one of its kind; guaranteeing a safe circulation for pedestrians and cyclists.\" \/>\n<meta name=\"robots\" content=\"index, follow, max-snippet:-1, max-image-preview:large, max-video-preview:-1\" \/>\n<link rel=\"canonical\" href=\"https:\/\/ciclovias.es\/en\/producto\/leader-60-lane-separator\/\" \/>\n<meta property=\"og:locale\" content=\"en_US\" \/>\n<meta property=\"og:type\" content=\"article\" \/>\n<meta property=\"og:title\" content=\"Leader 60 Lane Separator\" \/>\n<meta property=\"og:description\" content=\"Optimize road safety with the leader 60 lane separator, an horizontal signage one of its kind; guaranteeing a safe circulation for pedestrians and cyclists.\" \/>\n<meta property=\"og:url\" content=\"https:\/\/ciclovias.es\/en\/producto\/leader-60-lane-separator\/\" \/>\n<meta property=\"og:site_name\" content=\"ciclopistas.com\" \/>\n<meta property=\"article:publisher\" content=\"https:\/\/www.facebook.com\/multisenal\/\" \/>\n<meta property=\"article:modified_time\" content=\"2024-08-20T17:36:41+00:00\" \/>\n<meta property=\"og:image\" content=\"https:\/\/ciclovias.es\/wp-content\/uploads\/2024\/06\/Producto-Ciclopistas-10.webp\" \/>\n\t<meta property=\"og:image:width\" content=\"1200\" \/>\n\t<meta property=\"og:image:height\" content=\"1200\" \/>\n\t<meta property=\"og:image:type\" content=\"image\/webp\" \/>\n<meta name=\"twitter:card\" content=\"summary_large_image\" \/>\n<meta name=\"twitter:site\" content=\"@multisenal\" \/>\n<meta name=\"twitter:label1\" content=\"Est. reading time\" \/>\n\t<meta name=\"twitter:data1\" content=\"2 minutes\" \/>\n<script type=\"application\/ld+json\" class=\"yoast-schema-graph\">{\"@context\":\"https:\/\/schema.org\",\"@graph\":[{\"@type\":\"WebPage\",\"@id\":\"https:\/\/ciclovias.es\/en\/producto\/leader-60-lane-separator\/\",\"url\":\"https:\/\/ciclovias.es\/en\/producto\/leader-60-lane-separator\/\",\"name\":\"Leader 60 Lane Separator - ciclopistas.com\",\"isPartOf\":{\"@id\":\"https:\/\/ciclovias.es\/#website\"},\"primaryImageOfPage\":{\"@id\":\"https:\/\/ciclovias.es\/en\/producto\/leader-60-lane-separator\/#primaryimage\"},\"image\":{\"@id\":\"https:\/\/ciclovias.es\/en\/producto\/leader-60-lane-separator\/#primaryimage\"},\"thumbnailUrl\":\"https:\/\/ciclovias.es\/wp-content\/uploads\/2024\/06\/Producto-Ciclopistas-10.webp\",\"datePublished\":\"2024-07-19T22:34:41+00:00\",\"dateModified\":\"2024-08-20T17:36:41+00:00\",\"description\":\"Optimize road safety with the leader 60 lane separator, an horizontal signage one of its kind; guaranteeing a safe circulation for pedestrians and cyclists.\",\"breadcrumb\":{\"@id\":\"https:\/\/ciclovias.es\/en\/producto\/leader-60-lane-separator\/#breadcrumb\"},\"inLanguage\":\"en-US\",\"potentialAction\":[{\"@type\":\"ReadAction\",\"target\":[\"https:\/\/ciclovias.es\/en\/producto\/leader-60-lane-separator\/\"]}]},{\"@type\":\"ImageObject\",\"inLanguage\":\"en-US\",\"@id\":\"https:\/\/ciclovias.es\/en\/producto\/leader-60-lane-separator\/#primaryimage\",\"url\":\"https:\/\/ciclovias.es\/wp-content\/uploads\/2024\/06\/Producto-Ciclopistas-10.webp\",\"contentUrl\":\"https:\/\/ciclovias.es\/wp-content\/uploads\/2024\/06\/Producto-Ciclopistas-10.webp\",\"width\":1200,\"height\":1200,\"caption\":\"El Canalizador L\u00edder 60 proporciona una soluci\u00f3n efectiva y confiable para delimitar carriles exclusivos, como ciclov\u00edas. Resistente y de alta visibilidad\"},{\"@type\":\"BreadcrumbList\",\"@id\":\"https:\/\/ciclovias.es\/en\/producto\/leader-60-lane-separator\/#breadcrumb\",\"itemListElement\":[{\"@type\":\"ListItem\",\"position\":1,\"name\":\"Inicio\",\"item\":\"https:\/\/ciclovias.es\/en\/\"},{\"@type\":\"ListItem\",\"position\":2,\"name\":\"Tienda\",\"item\":\"https:\/\/ciclovias.es\/tienda\/\"},{\"@type\":\"ListItem\",\"position\":3,\"name\":\"Leader 60 Lane Separator\"}]},{\"@type\":\"WebSite\",\"@id\":\"https:\/\/ciclovias.es\/#website\",\"url\":\"https:\/\/ciclovias.es\/\",\"name\":\"ciclopistas.com\",\"description\":\"\",\"publisher\":{\"@id\":\"https:\/\/ciclovias.es\/#organization\"},\"potentialAction\":[{\"@type\":\"SearchAction\",\"target\":{\"@type\":\"EntryPoint\",\"urlTemplate\":\"https:\/\/ciclovias.es\/?s={search_term_string}\"},\"query-input\":\"required name=search_term_string\"}],\"inLanguage\":\"en-US\"},{\"@type\":\"Organization\",\"@id\":\"https:\/\/ciclovias.es\/#organization\",\"name\":\"ciclopistas.com\",\"url\":\"https:\/\/ciclovias.es\/\",\"logo\":{\"@type\":\"ImageObject\",\"inLanguage\":\"en-US\",\"@id\":\"https:\/\/ciclovias.es\/#\/schema\/logo\/image\/\",\"url\":\"https:\/\/ciclopistas.com\/wp-content\/uploads\/2024\/06\/ciclopistas.com_-1.png\",\"contentUrl\":\"https:\/\/ciclopistas.com\/wp-content\/uploads\/2024\/06\/ciclopistas.com_-1.png\",\"width\":768,\"height\":220,\"caption\":\"ciclopistas.com\"},\"image\":{\"@id\":\"https:\/\/ciclovias.es\/#\/schema\/logo\/image\/\"},\"sameAs\":[\"https:\/\/www.facebook.com\/multisenal\/\",\"https:\/\/x.com\/multisenal\",\"https:\/\/www.instagram.com\/multisenalmx\/\",\"https:\/\/www.linkedin.com\/company\/multisenalmexico\/\",\"https:\/\/www.youtube.com\/@multisenaloficial\"]}]}<\/script>\n<!-- \/ Yoast SEO Premium plugin. -->","yoast_head_json":{"title":"Leader 60 Lane Separator - ciclopistas.com","description":"Optimize road safety with the leader 60 lane separator, an horizontal signage one of its kind; guaranteeing a safe circulation for pedestrians and cyclists.","robots":{"index":"index","follow":"follow","max-snippet":"max-snippet:-1","max-image-preview":"max-image-preview:large","max-video-preview":"max-video-preview:-1"},"canonical":"https:\/\/ciclovias.es\/en\/producto\/leader-60-lane-separator\/","og_locale":"en_US","og_type":"article","og_title":"Leader 60 Lane Separator","og_description":"Optimize road safety with the leader 60 lane separator, an horizontal signage one of its kind; guaranteeing a safe circulation for pedestrians and cyclists.","og_url":"https:\/\/ciclovias.es\/en\/producto\/leader-60-lane-separator\/","og_site_name":"ciclopistas.com","article_publisher":"https:\/\/www.facebook.com\/multisenal\/","article_modified_time":"2024-08-20T17:36:41+00:00","og_image":[{"width":1200,"height":1200,"url":"https:\/\/ciclovias.es\/wp-content\/uploads\/2024\/06\/Producto-Ciclopistas-10.webp","type":"image\/webp"}],"twitter_card":"summary_large_image","twitter_site":"@multisenal","twitter_misc":{"Est. reading time":"2 minutes"},"schema":{"@context":"https:\/\/schema.org","@graph":[{"@type":"WebPage","@id":"https:\/\/ciclovias.es\/en\/producto\/leader-60-lane-separator\/","url":"https:\/\/ciclovias.es\/en\/producto\/leader-60-lane-separator\/","name":"Leader 60 Lane Separator - ciclopistas.com","isPartOf":{"@id":"https:\/\/ciclovias.es\/#website"},"primaryImageOfPage":{"@id":"https:\/\/ciclovias.es\/en\/producto\/leader-60-lane-separator\/#primaryimage"},"image":{"@id":"https:\/\/ciclovias.es\/en\/producto\/leader-60-lane-separator\/#primaryimage"},"thumbnailUrl":"https:\/\/ciclovias.es\/wp-content\/uploads\/2024\/06\/Producto-Ciclopistas-10.webp","datePublished":"2024-07-19T22:34:41+00:00","dateModified":"2024-08-20T17:36:41+00:00","description":"Optimize road safety with the leader 60 lane separator, an horizontal signage one of its kind; guaranteeing a safe circulation for pedestrians and cyclists.","breadcrumb":{"@id":"https:\/\/ciclovias.es\/en\/producto\/leader-60-lane-separator\/#breadcrumb"},"inLanguage":"en-US","potentialAction":[{"@type":"ReadAction","target":["https:\/\/ciclovias.es\/en\/producto\/leader-60-lane-separator\/"]}]},{"@type":"ImageObject","inLanguage":"en-US","@id":"https:\/\/ciclovias.es\/en\/producto\/leader-60-lane-separator\/#primaryimage","url":"https:\/\/ciclovias.es\/wp-content\/uploads\/2024\/06\/Producto-Ciclopistas-10.webp","contentUrl":"https:\/\/ciclovias.es\/wp-content\/uploads\/2024\/06\/Producto-Ciclopistas-10.webp","width":1200,"height":1200,"caption":"El Canalizador L\u00edder 60 proporciona una soluci\u00f3n efectiva y confiable para delimitar carriles exclusivos, como ciclov\u00edas. Resistente y de alta visibilidad"},{"@type":"BreadcrumbList","@id":"https:\/\/ciclovias.es\/en\/producto\/leader-60-lane-separator\/#breadcrumb","itemListElement":[{"@type":"ListItem","position":1,"name":"Inicio","item":"https:\/\/ciclovias.es\/en\/"},{"@type":"ListItem","position":2,"name":"Tienda","item":"https:\/\/ciclovias.es\/tienda\/"},{"@type":"ListItem","position":3,"name":"Leader 60 Lane Separator"}]},{"@type":"WebSite","@id":"https:\/\/ciclovias.es\/#website","url":"https:\/\/ciclovias.es\/","name":"ciclopistas.com","description":"","publisher":{"@id":"https:\/\/ciclovias.es\/#organization"},"potentialAction":[{"@type":"SearchAction","target":{"@type":"EntryPoint","urlTemplate":"https:\/\/ciclovias.es\/?s={search_term_string}"},"query-input":"required name=search_term_string"}],"inLanguage":"en-US"},{"@type":"Organization","@id":"https:\/\/ciclovias.es\/#organization","name":"ciclopistas.com","url":"https:\/\/ciclovias.es\/","logo":{"@type":"ImageObject","inLanguage":"en-US","@id":"https:\/\/ciclovias.es\/#\/schema\/logo\/image\/","url":"https:\/\/ciclopistas.com\/wp-content\/uploads\/2024\/06\/ciclopistas.com_-1.png","contentUrl":"https:\/\/ciclopistas.com\/wp-content\/uploads\/2024\/06\/ciclopistas.com_-1.png","width":768,"height":220,"caption":"ciclopistas.com"},"image":{"@id":"https:\/\/ciclovias.es\/#\/schema\/logo\/image\/"},"sameAs":["https:\/\/www.facebook.com\/multisenal\/","https:\/\/x.com\/multisenal","https:\/\/www.instagram.com\/multisenalmx\/","https:\/\/www.linkedin.com\/company\/multisenalmexico\/","https:\/\/www.youtube.com\/@multisenaloficial"]}]}},"_links":{"self":[{"href":"https:\/\/ciclovias.es\/en\/wp-json\/wp\/v2\/product\/6324","targetHints":{"allow":["GET"]}}],"collection":[{"href":"https:\/\/ciclovias.es\/en\/wp-json\/wp\/v2\/product"}],"about":[{"href":"https:\/\/ciclovias.es\/en\/wp-json\/wp\/v2\/types\/product"}],"replies":[{"embeddable":true,"href":"https:\/\/ciclovias.es\/en\/wp-json\/wp\/v2\/comments?post=6324"}],"wp:featuredmedia":[{"embeddable":true,"href":"https:\/\/ciclovias.es\/en\/wp-json\/wp\/v2\/media\/3804"}],"wp:attachment":[{"href":"https:\/\/ciclovias.es\/en\/wp-json\/wp\/v2\/media?parent=6324"}],"wp:term":[{"taxonomy":"product_cat","embeddable":true,"href":"https:\/\/ciclovias.es\/en\/wp-json\/wp\/v2\/product_cat?post=6324"},{"taxonomy":"product_tag","embeddable":true,"href":"https:\/\/ciclovias.es\/en\/wp-json\/wp\/v2\/product_tag?post=6324"}],"curies":[{"name":"wp","href":"https:\/\/api.w.org\/{rel}","templated":true}]}}