{"id":6586,"date":"2024-07-04T15:18:01","date_gmt":"2024-07-04T15:18:01","guid":{"rendered":"https:\/\/ciclopistas.com\/?post_type=product&#038;p=6586"},"modified":"2024-08-20T17:43:14","modified_gmt":"2024-08-20T17:43:14","slug":"lane-separator-51-c-2-with-post","status":"publish","type":"product","link":"https:\/\/ciclovias.es\/en\/producto\/lane-separator-51-c-2-with-post\/","title":{"rendered":"Lane Separator 51-C-2 with post"},"content":{"rendered":"<p>Transform your <a href=\"https:\/\/multisenal.com\/blog\/las-ciudades-mas-bike-friendly-del-mundo\/\">bike ways<\/a> with the Lane Separator 51-C-2 with Post, the perfect fusion between safety and elegance:<\/p>\n<p style=\"font-weight: 400;\"><strong>Integral Safety<\/strong>: Round edges to protect cyclists and vehicles in case of impact, without cutting edges that may cause damage to tires. No metal parts, it doesn\u2019t break neither crack and it doesn\u2019t cause damage to bikes and vehicles.<\/p>\n<p style=\"font-weight: 400;\"><strong>Modern Style:<\/strong> Manufactured in solid colors. These channelizers don\u2019t require maintenance and look great in any road environment.<\/p>\n<p style=\"font-weight: 400;\"><strong>Night visibility<\/strong>: Equipped with 2 reflective rings in the flexible post, ensure an optimal visibility during night, fostering traffic safety.<\/p>\n<p style=\"font-weight: 400;\"><strong>Versatility and Resistance<\/strong>: Ideal for contraflows, bike ways and safety zone delimitation. Resist impacts and vehicle passage easily. Able to recover original shape after being run over.<\/strong><\/p>\n<p style=\"font-weight: 400;\"><strong>Efficient Modularity:<\/strong> Each center module adds 15.7 in of length, suitable for configurations adaptable to your specific needs.<\/p>\n<p style=\"font-weight: 400;\"><strong>Easy installation and transport:<\/strong> Lightweight body designed to assemble easily through a male\/female system. This transport without effort and install quickly with steel anchors or extra-large anchors.<\/p>\n<p style=\"font-weight: 400;\"><strong>Guaranteed durability:<\/strong> With UV protection and manufactured in high resistance polyethylene, these channelizers ensure a great shelf life.<\/p>\n<p>This device is the perfect choice to improve safety and efficiency of cycling infrastructures. Increase your standards with unique style and functionality!<\/p>\n<p>The lane separator 51-c-2 with post is the perfect option to install on any bike way or guide cyclist or pedestrian transit safely.<\/p>\n<p>Channelizer manufactured in black, yellow or green polyethylene, post of poliflexy\u00ae in orange, green or yellow color.<\/p>\n<p style=\"font-weight: 400;\"><strong>MEASUREMENTS AND COLORS<\/strong><\/p>\n<p>Lenght: 32.2 in<br \/>\nHeight: 1.9 in<br \/>\nWidth: 5.9 in<br \/>\nHeight with post:28.1 in<\/p>\n<p>Colors: Yellow, Green or Black.<br \/>\nReflective Sheeting: White or Amber.<\/p>\n<p>* Other colors upon a minimum request of 200 pcs<\/p>\n<p>More products <a href=\"https:\/\/ciclopistas.com\/productos-ciclovias\/\">here<\/a>&#8230;<\/p>\n","protected":false},"excerpt":{"rendered":"<p><strong>Product Name: Canalizador 51-C-2 con Hito<\/strong><\/p>\n<p><strong>SKU: C51C-2<\/strong><\/p>\n<table>\n<tbody>\n<tr>\n<td style=\"text-align: center;\"><strong>SPANISH<\/strong><\/td>\n<td style=\"text-align: center;\"><strong>ENGLISH<\/strong><\/td>\n<td style=\"text-align: center;\"><strong>360\u00ba<\/strong><\/td>\n<\/tr>\n<tr>\n<td><a href=\"https:\/\/multisenal.com.mx\/FichasTecnicas\/Canalizador-C51C-2-ES.pdf\"><img decoding=\"async\" class=\"wp-image-5524 aligncenter\" src=\"https:\/\/ciclopistas.com\/wp-content\/uploads\/2024\/06\/img-pdf-ciclopistas.webp\" alt=\"\" width=\"49\" height=\"49\" \/><\/a><\/td>\n<td><a href=\"https:\/\/multisenal.com.mx\/FichasTecnicas\/Canalizador-C51C-2-EN.pdf\"><img decoding=\"async\" class=\"wp-image-5524 aligncenter\" src=\"https:\/\/ciclopistas.com\/wp-content\/uploads\/2024\/06\/img-pdf-ciclopistas.webp\" alt=\"\" width=\"49\" height=\"49\" \/><\/a><\/td>\n<td><a href=\"https:\/\/ciclopistas.com\/renders\/canalizador-c51-doble-modelo-360\/\"><img decoding=\"async\" class=\"wp-image-5524 aligncenter\" src=\"https:\/\/ciclopistas.com\/wp-content\/uploads\/2024\/06\/img-modelo3D.webp\" alt=\"\" width=\"49\" height=\"49\" \/><\/a><\/td>\n<\/tr>\n<\/tbody>\n<\/table>\n","protected":false},"featured_media":3792,"comment_status":"open","ping_status":"closed","template":"","meta":[],"product_cat":[74],"product_tag":[],"class_list":{"0":"post-6586","1":"product","2":"type-product","3":"status-publish","4":"has-post-thumbnail","6":"product_cat-road-markers","8":"first","9":"instock","10":"shipping-taxable","11":"product-type-simple"},"yoast_head":"<!-- This site is optimized with the Yoast SEO Premium plugin v22.3 (Yoast SEO v23.0) - https:\/\/yoast.com\/wordpress\/plugins\/seo\/ -->\n<title>Lane Separator 51-C-2 with post - ciclopistas.com<\/title>\n<meta name=\"description\" content=\"Transform your bike ways with the Lane Separator 51-C-2 with Post, the perfect fusion between safety and elegance: A perfect option to install\" \/>\n<meta name=\"robots\" content=\"index, follow, max-snippet:-1, max-image-preview:large, max-video-preview:-1\" \/>\n<link rel=\"canonical\" href=\"https:\/\/ciclovias.es\/en\/producto\/lane-separator-51-c-2-with-post\/\" \/>\n<meta property=\"og:locale\" content=\"en_US\" \/>\n<meta property=\"og:type\" content=\"article\" \/>\n<meta property=\"og:title\" content=\"Lane Separator 51-C-2 with post\" \/>\n<meta property=\"og:description\" content=\"Transform your bike ways with the Lane Separator 51-C-2 with Post, the perfect fusion between safety and elegance: A perfect option to install\" \/>\n<meta property=\"og:url\" content=\"https:\/\/ciclovias.es\/en\/producto\/lane-separator-51-c-2-with-post\/\" \/>\n<meta property=\"og:site_name\" content=\"ciclopistas.com\" \/>\n<meta property=\"article:publisher\" content=\"https:\/\/www.facebook.com\/multisenal\/\" \/>\n<meta property=\"article:modified_time\" content=\"2024-08-20T17:43:14+00:00\" \/>\n<meta property=\"og:image\" content=\"https:\/\/ciclovias.es\/wp-content\/uploads\/2024\/06\/Producto-Ciclopistas-8.webp\" \/>\n\t<meta property=\"og:image:width\" content=\"1200\" \/>\n\t<meta property=\"og:image:height\" content=\"1200\" \/>\n\t<meta property=\"og:image:type\" content=\"image\/webp\" \/>\n<meta name=\"twitter:card\" content=\"summary_large_image\" \/>\n<meta name=\"twitter:site\" content=\"@multisenal\" \/>\n<meta name=\"twitter:label1\" content=\"Est. reading time\" \/>\n\t<meta name=\"twitter:data1\" content=\"2 minutes\" \/>\n<script type=\"application\/ld+json\" class=\"yoast-schema-graph\">{\"@context\":\"https:\/\/schema.org\",\"@graph\":[{\"@type\":\"WebPage\",\"@id\":\"https:\/\/ciclovias.es\/en\/producto\/lane-separator-51-c-2-with-post\/\",\"url\":\"https:\/\/ciclovias.es\/en\/producto\/lane-separator-51-c-2-with-post\/\",\"name\":\"Lane Separator 51-C-2 with post - ciclopistas.com\",\"isPartOf\":{\"@id\":\"https:\/\/ciclovias.es\/#website\"},\"primaryImageOfPage\":{\"@id\":\"https:\/\/ciclovias.es\/en\/producto\/lane-separator-51-c-2-with-post\/#primaryimage\"},\"image\":{\"@id\":\"https:\/\/ciclovias.es\/en\/producto\/lane-separator-51-c-2-with-post\/#primaryimage\"},\"thumbnailUrl\":\"https:\/\/ciclovias.es\/wp-content\/uploads\/2024\/06\/Producto-Ciclopistas-8.webp\",\"datePublished\":\"2024-07-04T15:18:01+00:00\",\"dateModified\":\"2024-08-20T17:43:14+00:00\",\"description\":\"Transform your bike ways with the Lane Separator 51-C-2 with Post, the perfect fusion between safety and elegance: A perfect option to install\",\"breadcrumb\":{\"@id\":\"https:\/\/ciclovias.es\/en\/producto\/lane-separator-51-c-2-with-post\/#breadcrumb\"},\"inLanguage\":\"en-US\",\"potentialAction\":[{\"@type\":\"ReadAction\",\"target\":[\"https:\/\/ciclovias.es\/en\/producto\/lane-separator-51-c-2-with-post\/\"]}]},{\"@type\":\"ImageObject\",\"inLanguage\":\"en-US\",\"@id\":\"https:\/\/ciclovias.es\/en\/producto\/lane-separator-51-c-2-with-post\/#primaryimage\",\"url\":\"https:\/\/ciclovias.es\/wp-content\/uploads\/2024\/06\/Producto-Ciclopistas-8.webp\",\"contentUrl\":\"https:\/\/ciclovias.es\/wp-content\/uploads\/2024\/06\/Producto-Ciclopistas-8.webp\",\"width\":1200,\"height\":1200,\"caption\":\"El Canalizador 51C-2 con Hito es ideal para delimitar ciclov\u00edas y carriles exclusivos. Resistencia al m\u00e1ximo que cuida a la bici y al autom\u00f3vil.\"},{\"@type\":\"BreadcrumbList\",\"@id\":\"https:\/\/ciclovias.es\/en\/producto\/lane-separator-51-c-2-with-post\/#breadcrumb\",\"itemListElement\":[{\"@type\":\"ListItem\",\"position\":1,\"name\":\"Inicio\",\"item\":\"https:\/\/ciclovias.es\/en\/\"},{\"@type\":\"ListItem\",\"position\":2,\"name\":\"Tienda\",\"item\":\"https:\/\/ciclovias.es\/tienda\/\"},{\"@type\":\"ListItem\",\"position\":3,\"name\":\"Lane Separator 51-C-2 with post\"}]},{\"@type\":\"WebSite\",\"@id\":\"https:\/\/ciclovias.es\/#website\",\"url\":\"https:\/\/ciclovias.es\/\",\"name\":\"ciclopistas.com\",\"description\":\"\",\"publisher\":{\"@id\":\"https:\/\/ciclovias.es\/#organization\"},\"potentialAction\":[{\"@type\":\"SearchAction\",\"target\":{\"@type\":\"EntryPoint\",\"urlTemplate\":\"https:\/\/ciclovias.es\/?s={search_term_string}\"},\"query-input\":\"required name=search_term_string\"}],\"inLanguage\":\"en-US\"},{\"@type\":\"Organization\",\"@id\":\"https:\/\/ciclovias.es\/#organization\",\"name\":\"ciclopistas.com\",\"url\":\"https:\/\/ciclovias.es\/\",\"logo\":{\"@type\":\"ImageObject\",\"inLanguage\":\"en-US\",\"@id\":\"https:\/\/ciclovias.es\/#\/schema\/logo\/image\/\",\"url\":\"https:\/\/ciclopistas.com\/wp-content\/uploads\/2024\/06\/ciclopistas.com_-1.png\",\"contentUrl\":\"https:\/\/ciclopistas.com\/wp-content\/uploads\/2024\/06\/ciclopistas.com_-1.png\",\"width\":768,\"height\":220,\"caption\":\"ciclopistas.com\"},\"image\":{\"@id\":\"https:\/\/ciclovias.es\/#\/schema\/logo\/image\/\"},\"sameAs\":[\"https:\/\/www.facebook.com\/multisenal\/\",\"https:\/\/x.com\/multisenal\",\"https:\/\/www.instagram.com\/multisenalmx\/\",\"https:\/\/www.linkedin.com\/company\/multisenalmexico\/\",\"https:\/\/www.youtube.com\/@multisenaloficial\"]}]}<\/script>\n<!-- \/ Yoast SEO Premium plugin. -->","yoast_head_json":{"title":"Lane Separator 51-C-2 with post - ciclopistas.com","description":"Transform your bike ways with the Lane Separator 51-C-2 with Post, the perfect fusion between safety and elegance: A perfect option to install","robots":{"index":"index","follow":"follow","max-snippet":"max-snippet:-1","max-image-preview":"max-image-preview:large","max-video-preview":"max-video-preview:-1"},"canonical":"https:\/\/ciclovias.es\/en\/producto\/lane-separator-51-c-2-with-post\/","og_locale":"en_US","og_type":"article","og_title":"Lane Separator 51-C-2 with post","og_description":"Transform your bike ways with the Lane Separator 51-C-2 with Post, the perfect fusion between safety and elegance: A perfect option to install","og_url":"https:\/\/ciclovias.es\/en\/producto\/lane-separator-51-c-2-with-post\/","og_site_name":"ciclopistas.com","article_publisher":"https:\/\/www.facebook.com\/multisenal\/","article_modified_time":"2024-08-20T17:43:14+00:00","og_image":[{"width":1200,"height":1200,"url":"https:\/\/ciclovias.es\/wp-content\/uploads\/2024\/06\/Producto-Ciclopistas-8.webp","type":"image\/webp"}],"twitter_card":"summary_large_image","twitter_site":"@multisenal","twitter_misc":{"Est. reading time":"2 minutes"},"schema":{"@context":"https:\/\/schema.org","@graph":[{"@type":"WebPage","@id":"https:\/\/ciclovias.es\/en\/producto\/lane-separator-51-c-2-with-post\/","url":"https:\/\/ciclovias.es\/en\/producto\/lane-separator-51-c-2-with-post\/","name":"Lane Separator 51-C-2 with post - ciclopistas.com","isPartOf":{"@id":"https:\/\/ciclovias.es\/#website"},"primaryImageOfPage":{"@id":"https:\/\/ciclovias.es\/en\/producto\/lane-separator-51-c-2-with-post\/#primaryimage"},"image":{"@id":"https:\/\/ciclovias.es\/en\/producto\/lane-separator-51-c-2-with-post\/#primaryimage"},"thumbnailUrl":"https:\/\/ciclovias.es\/wp-content\/uploads\/2024\/06\/Producto-Ciclopistas-8.webp","datePublished":"2024-07-04T15:18:01+00:00","dateModified":"2024-08-20T17:43:14+00:00","description":"Transform your bike ways with the Lane Separator 51-C-2 with Post, the perfect fusion between safety and elegance: A perfect option to install","breadcrumb":{"@id":"https:\/\/ciclovias.es\/en\/producto\/lane-separator-51-c-2-with-post\/#breadcrumb"},"inLanguage":"en-US","potentialAction":[{"@type":"ReadAction","target":["https:\/\/ciclovias.es\/en\/producto\/lane-separator-51-c-2-with-post\/"]}]},{"@type":"ImageObject","inLanguage":"en-US","@id":"https:\/\/ciclovias.es\/en\/producto\/lane-separator-51-c-2-with-post\/#primaryimage","url":"https:\/\/ciclovias.es\/wp-content\/uploads\/2024\/06\/Producto-Ciclopistas-8.webp","contentUrl":"https:\/\/ciclovias.es\/wp-content\/uploads\/2024\/06\/Producto-Ciclopistas-8.webp","width":1200,"height":1200,"caption":"El Canalizador 51C-2 con Hito es ideal para delimitar ciclov\u00edas y carriles exclusivos. Resistencia al m\u00e1ximo que cuida a la bici y al autom\u00f3vil."},{"@type":"BreadcrumbList","@id":"https:\/\/ciclovias.es\/en\/producto\/lane-separator-51-c-2-with-post\/#breadcrumb","itemListElement":[{"@type":"ListItem","position":1,"name":"Inicio","item":"https:\/\/ciclovias.es\/en\/"},{"@type":"ListItem","position":2,"name":"Tienda","item":"https:\/\/ciclovias.es\/tienda\/"},{"@type":"ListItem","position":3,"name":"Lane Separator 51-C-2 with post"}]},{"@type":"WebSite","@id":"https:\/\/ciclovias.es\/#website","url":"https:\/\/ciclovias.es\/","name":"ciclopistas.com","description":"","publisher":{"@id":"https:\/\/ciclovias.es\/#organization"},"potentialAction":[{"@type":"SearchAction","target":{"@type":"EntryPoint","urlTemplate":"https:\/\/ciclovias.es\/?s={search_term_string}"},"query-input":"required name=search_term_string"}],"inLanguage":"en-US"},{"@type":"Organization","@id":"https:\/\/ciclovias.es\/#organization","name":"ciclopistas.com","url":"https:\/\/ciclovias.es\/","logo":{"@type":"ImageObject","inLanguage":"en-US","@id":"https:\/\/ciclovias.es\/#\/schema\/logo\/image\/","url":"https:\/\/ciclopistas.com\/wp-content\/uploads\/2024\/06\/ciclopistas.com_-1.png","contentUrl":"https:\/\/ciclopistas.com\/wp-content\/uploads\/2024\/06\/ciclopistas.com_-1.png","width":768,"height":220,"caption":"ciclopistas.com"},"image":{"@id":"https:\/\/ciclovias.es\/#\/schema\/logo\/image\/"},"sameAs":["https:\/\/www.facebook.com\/multisenal\/","https:\/\/x.com\/multisenal","https:\/\/www.instagram.com\/multisenalmx\/","https:\/\/www.linkedin.com\/company\/multisenalmexico\/","https:\/\/www.youtube.com\/@multisenaloficial"]}]}},"_links":{"self":[{"href":"https:\/\/ciclovias.es\/en\/wp-json\/wp\/v2\/product\/6586","targetHints":{"allow":["GET"]}}],"collection":[{"href":"https:\/\/ciclovias.es\/en\/wp-json\/wp\/v2\/product"}],"about":[{"href":"https:\/\/ciclovias.es\/en\/wp-json\/wp\/v2\/types\/product"}],"replies":[{"embeddable":true,"href":"https:\/\/ciclovias.es\/en\/wp-json\/wp\/v2\/comments?post=6586"}],"wp:featuredmedia":[{"embeddable":true,"href":"https:\/\/ciclovias.es\/en\/wp-json\/wp\/v2\/media\/3792"}],"wp:attachment":[{"href":"https:\/\/ciclovias.es\/en\/wp-json\/wp\/v2\/media?parent=6586"}],"wp:term":[{"taxonomy":"product_cat","embeddable":true,"href":"https:\/\/ciclovias.es\/en\/wp-json\/wp\/v2\/product_cat?post=6586"},{"taxonomy":"product_tag","embeddable":true,"href":"https:\/\/ciclovias.es\/en\/wp-json\/wp\/v2\/product_tag?post=6586"}],"curies":[{"name":"wp","href":"https:\/\/api.w.org\/{rel}","templated":true}]}}