{"id":6591,"date":"2024-06-30T15:41:21","date_gmt":"2024-06-30T15:41:21","guid":{"rendered":"https:\/\/ciclopistas.com\/?post_type=product&#038;p=6591"},"modified":"2024-08-20T17:47:24","modified_gmt":"2024-08-20T17:47:24","slug":"lane-separator-with-poliflexy-vertical-panel","status":"publish","type":"product","link":"https:\/\/ciclovias.es\/en\/producto\/lane-separator-with-poliflexy-vertical-panel\/","title":{"rendered":"Lane Separator with Poliflexy Vertical Panel"},"content":{"rendered":"<p>Dare to discover Lane Separator with Poliflexy Vertical Panel, versatile and safe solution to direct transit and maintain safe bike ways.<\/p>\n<p style=\"font-weight: 400;\"><strong>Essential Functionality:<\/strong> Ideal for contraflows, detours and bike ways, designed to ensure exclusive lanes and reduce speed effectively.<\/p>\n<p style=\"font-weight: 400;\"><strong>Robust Construction:<\/strong> Manufactured in high molecular weight polyethylene with Poliflexy\u00ae, soft to the touch and safe for cyclists and pedestrians.<\/p>\n<p style=\"font-weight: 400;\"><strong>Visibility and Safety:<\/strong> Equipped with three reflective circles per side, guaranteeing visibility during day and night with UV protection for a prolonged durability.<\/p>\n<p style=\"font-weight: 400;\"><strong>Friendly Design:<\/strong> Without cutting edges to damage vehicles, designed to withstand impacts and cushion before collisions.<\/p>\n<p style=\"font-weight: 400;\"><strong>Adaptable Options:<\/strong> Available in two sizes 27.5 in\/ 31.4 in of length, ensuring a correct functioning in accordance with specific needs.<\/p>\n<p style=\"font-weight: 400;\"><strong>Easy to Transport:<\/strong> Lightweight body easy to transport thanks to the compact design, perfect for cycling projects that require channelization.<\/p>\n<p>The Lane Separator with Poliflexy\u00ae Vertical Panel 70 is more than a traffic device, is an ally to maintain safety and order in bike paths in any zone.<\/p>\n<p style=\"font-weight: 400;\">Secure the protection of cyclists and, motorists with style and efficiency.<\/p>\n<p style=\"font-weight: 400;\">Road safety device with perfect height to be seen from any angle, without interfering with the car or bike circulation. Manufactured in shining yellow and orange color to always guarantee visibility.<\/p>\n<p>Provide a better safety to cyclists with all the products we have for you. Devices manufactured specifically to maintain a greater protection in <a href=\"https:\/\/multisenal.com\/blog\/ciclopistas-2\/las-mejores-ciclovias-del-mundo\/\">bike ways<\/a>.<\/p>\n<p>Explore the complete catalog <a href=\"https:\/\/ciclopistas.com\/productos-ciclovias\/\">here<\/a> and choose all the road tools you must need for a better car and bike flow.<\/p>\n<p style=\"font-weight: 400;\"><strong>&gt;\ud83d\udeb4\u200d\u2640\ufe0fMEASUREMENTS AND COLORS&gt;\ud83d\udeb4\u200d\u2640\ufe0f<\/strong><\/p>\n<p>Length: 26.9 in<br \/>\nHeigth: 15.7 in<br \/>\nWidth: 6.2 in<\/p>\n<p>Channelizer Color: Yellow<br \/>\nPaddle Color: Orange<br \/>\nReflective Sheeting: White and Amber.<\/p>\n<p>*Other colors upon a minimum request of 200 pcs<\/p>\n","protected":false},"excerpt":{"rendered":"<p><strong>Product Name: Paleta Canalizadora Poliflexy<\/strong><\/p>\n<p><strong>SKU: PCP-70<\/strong><\/p>\n<table>\n<tbody>\n<tr>\n<td style=\"text-align: center;\"><strong>SPANISH<\/strong><\/td>\n<td style=\"text-align: center;\"><strong>ENGLISH<\/strong><\/td>\n<td style=\"text-align: center;\"><strong>360\u00ba<\/strong><\/td>\n<\/tr>\n<tr>\n<td><a href=\"https:\/\/multisenal.com.mx\/FichasTecnicas\/Paleta-Canalizadora-PCP-70-80-ES.pdf\"><img decoding=\"async\" class=\"wp-image-5524 aligncenter\" src=\"https:\/\/ciclopistas.com\/wp-content\/uploads\/2024\/06\/img-pdf-ciclopistas.webp\" alt=\"\" width=\"49\" height=\"49\" \/><\/a><\/td>\n<td><a href=\"https:\/\/multisenal.com.mx\/FichasTecnicas\/Paleta-Canalizadora-PCP-70-80-EN.pdf\"><img decoding=\"async\" class=\"wp-image-5524 aligncenter\" src=\"https:\/\/ciclopistas.com\/wp-content\/uploads\/2024\/06\/img-pdf-ciclopistas.webp\" alt=\"\" width=\"49\" height=\"49\" \/><\/a><\/td>\n<td><a href=\"https:\/\/ciclopistas.com\/renders\/canalizador-pcp-70-modelo-360\/\"><img decoding=\"async\" class=\"wp-image-5524 aligncenter\" src=\"https:\/\/ciclopistas.com\/wp-content\/uploads\/2024\/06\/img-modelo3D.webp\" alt=\"\" width=\"49\" height=\"49\" \/><\/a><\/td>\n<\/tr>\n<\/tbody>\n<\/table>\n","protected":false},"featured_media":3783,"comment_status":"open","ping_status":"closed","template":"","meta":[],"product_cat":[74],"product_tag":[],"class_list":{"0":"post-6591","1":"product","2":"type-product","3":"status-publish","4":"has-post-thumbnail","6":"product_cat-road-markers","8":"first","9":"instock","10":"shipping-taxable","11":"product-type-simple"},"yoast_head":"<!-- This site is optimized with the Yoast SEO Premium plugin v22.3 (Yoast SEO v23.0) - https:\/\/yoast.com\/wordpress\/plugins\/seo\/ -->\n<title>Lane Separator with Poliflexy Vertical Panel - ciclopistas.com<\/title>\n<meta name=\"description\" content=\"Dare to discover the Lane Separator with Poliflexy Vertical Panel, the versatile and safe solution to direct transit and maintain bike ways safe.\" \/>\n<meta name=\"robots\" content=\"index, follow, max-snippet:-1, max-image-preview:large, max-video-preview:-1\" \/>\n<link rel=\"canonical\" href=\"https:\/\/ciclovias.es\/en\/producto\/lane-separator-with-poliflexy-vertical-panel\/\" \/>\n<meta property=\"og:locale\" content=\"en_US\" \/>\n<meta property=\"og:type\" content=\"article\" \/>\n<meta property=\"og:title\" content=\"Lane Separator with Poliflexy Vertical Panel\" \/>\n<meta property=\"og:description\" content=\"Dare to discover the Lane Separator with Poliflexy Vertical Panel, the versatile and safe solution to direct transit and maintain bike ways safe.\" \/>\n<meta property=\"og:url\" content=\"https:\/\/ciclovias.es\/en\/producto\/lane-separator-with-poliflexy-vertical-panel\/\" \/>\n<meta property=\"og:site_name\" content=\"ciclopistas.com\" \/>\n<meta property=\"article:publisher\" content=\"https:\/\/www.facebook.com\/multisenal\/\" \/>\n<meta property=\"article:modified_time\" content=\"2024-08-20T17:47:24+00:00\" \/>\n<meta property=\"og:image\" content=\"https:\/\/ciclovias.es\/wp-content\/uploads\/2024\/06\/Producto-Ciclopistas-23.webp\" \/>\n\t<meta property=\"og:image:width\" content=\"1200\" \/>\n\t<meta property=\"og:image:height\" content=\"1200\" \/>\n\t<meta property=\"og:image:type\" content=\"image\/webp\" \/>\n<meta name=\"twitter:card\" content=\"summary_large_image\" \/>\n<meta name=\"twitter:site\" content=\"@multisenal\" \/>\n<meta name=\"twitter:label1\" content=\"Est. reading time\" \/>\n\t<meta name=\"twitter:data1\" content=\"2 minutes\" \/>\n<script type=\"application\/ld+json\" class=\"yoast-schema-graph\">{\"@context\":\"https:\/\/schema.org\",\"@graph\":[{\"@type\":\"WebPage\",\"@id\":\"https:\/\/ciclovias.es\/en\/producto\/lane-separator-with-poliflexy-vertical-panel\/\",\"url\":\"https:\/\/ciclovias.es\/en\/producto\/lane-separator-with-poliflexy-vertical-panel\/\",\"name\":\"Lane Separator with Poliflexy Vertical Panel - ciclopistas.com\",\"isPartOf\":{\"@id\":\"https:\/\/ciclovias.es\/#website\"},\"primaryImageOfPage\":{\"@id\":\"https:\/\/ciclovias.es\/en\/producto\/lane-separator-with-poliflexy-vertical-panel\/#primaryimage\"},\"image\":{\"@id\":\"https:\/\/ciclovias.es\/en\/producto\/lane-separator-with-poliflexy-vertical-panel\/#primaryimage\"},\"thumbnailUrl\":\"https:\/\/ciclovias.es\/wp-content\/uploads\/2024\/06\/Producto-Ciclopistas-23.webp\",\"datePublished\":\"2024-06-30T15:41:21+00:00\",\"dateModified\":\"2024-08-20T17:47:24+00:00\",\"description\":\"Dare to discover the Lane Separator with Poliflexy Vertical Panel, the versatile and safe solution to direct transit and maintain bike ways safe.\",\"breadcrumb\":{\"@id\":\"https:\/\/ciclovias.es\/en\/producto\/lane-separator-with-poliflexy-vertical-panel\/#breadcrumb\"},\"inLanguage\":\"en-US\",\"potentialAction\":[{\"@type\":\"ReadAction\",\"target\":[\"https:\/\/ciclovias.es\/en\/producto\/lane-separator-with-poliflexy-vertical-panel\/\"]}]},{\"@type\":\"ImageObject\",\"inLanguage\":\"en-US\",\"@id\":\"https:\/\/ciclovias.es\/en\/producto\/lane-separator-with-poliflexy-vertical-panel\/#primaryimage\",\"url\":\"https:\/\/ciclovias.es\/wp-content\/uploads\/2024\/06\/Producto-Ciclopistas-23.webp\",\"contentUrl\":\"https:\/\/ciclovias.es\/wp-content\/uploads\/2024\/06\/Producto-Ciclopistas-23.webp\",\"width\":1200,\"height\":1200,\"caption\":\"La Paleta Canalizadora Poliflexy 70 es una excelente opci\u00f3n para canalizar carriles de contraflujo, desviaciones o, mejor a\u00fan, ciclov\u00edas.\"},{\"@type\":\"BreadcrumbList\",\"@id\":\"https:\/\/ciclovias.es\/en\/producto\/lane-separator-with-poliflexy-vertical-panel\/#breadcrumb\",\"itemListElement\":[{\"@type\":\"ListItem\",\"position\":1,\"name\":\"Inicio\",\"item\":\"https:\/\/ciclovias.es\/en\/\"},{\"@type\":\"ListItem\",\"position\":2,\"name\":\"Tienda\",\"item\":\"https:\/\/ciclovias.es\/tienda\/\"},{\"@type\":\"ListItem\",\"position\":3,\"name\":\"Lane Separator with Poliflexy Vertical Panel\"}]},{\"@type\":\"WebSite\",\"@id\":\"https:\/\/ciclovias.es\/#website\",\"url\":\"https:\/\/ciclovias.es\/\",\"name\":\"ciclopistas.com\",\"description\":\"\",\"publisher\":{\"@id\":\"https:\/\/ciclovias.es\/#organization\"},\"potentialAction\":[{\"@type\":\"SearchAction\",\"target\":{\"@type\":\"EntryPoint\",\"urlTemplate\":\"https:\/\/ciclovias.es\/?s={search_term_string}\"},\"query-input\":\"required name=search_term_string\"}],\"inLanguage\":\"en-US\"},{\"@type\":\"Organization\",\"@id\":\"https:\/\/ciclovias.es\/#organization\",\"name\":\"ciclopistas.com\",\"url\":\"https:\/\/ciclovias.es\/\",\"logo\":{\"@type\":\"ImageObject\",\"inLanguage\":\"en-US\",\"@id\":\"https:\/\/ciclovias.es\/#\/schema\/logo\/image\/\",\"url\":\"https:\/\/ciclopistas.com\/wp-content\/uploads\/2024\/06\/ciclopistas.com_-1.png\",\"contentUrl\":\"https:\/\/ciclopistas.com\/wp-content\/uploads\/2024\/06\/ciclopistas.com_-1.png\",\"width\":768,\"height\":220,\"caption\":\"ciclopistas.com\"},\"image\":{\"@id\":\"https:\/\/ciclovias.es\/#\/schema\/logo\/image\/\"},\"sameAs\":[\"https:\/\/www.facebook.com\/multisenal\/\",\"https:\/\/x.com\/multisenal\",\"https:\/\/www.instagram.com\/multisenalmx\/\",\"https:\/\/www.linkedin.com\/company\/multisenalmexico\/\",\"https:\/\/www.youtube.com\/@multisenaloficial\"]}]}<\/script>\n<!-- \/ Yoast SEO Premium plugin. -->","yoast_head_json":{"title":"Lane Separator with Poliflexy Vertical Panel - ciclopistas.com","description":"Dare to discover the Lane Separator with Poliflexy Vertical Panel, the versatile and safe solution to direct transit and maintain bike ways safe.","robots":{"index":"index","follow":"follow","max-snippet":"max-snippet:-1","max-image-preview":"max-image-preview:large","max-video-preview":"max-video-preview:-1"},"canonical":"https:\/\/ciclovias.es\/en\/producto\/lane-separator-with-poliflexy-vertical-panel\/","og_locale":"en_US","og_type":"article","og_title":"Lane Separator with Poliflexy Vertical Panel","og_description":"Dare to discover the Lane Separator with Poliflexy Vertical Panel, the versatile and safe solution to direct transit and maintain bike ways safe.","og_url":"https:\/\/ciclovias.es\/en\/producto\/lane-separator-with-poliflexy-vertical-panel\/","og_site_name":"ciclopistas.com","article_publisher":"https:\/\/www.facebook.com\/multisenal\/","article_modified_time":"2024-08-20T17:47:24+00:00","og_image":[{"width":1200,"height":1200,"url":"https:\/\/ciclovias.es\/wp-content\/uploads\/2024\/06\/Producto-Ciclopistas-23.webp","type":"image\/webp"}],"twitter_card":"summary_large_image","twitter_site":"@multisenal","twitter_misc":{"Est. reading time":"2 minutes"},"schema":{"@context":"https:\/\/schema.org","@graph":[{"@type":"WebPage","@id":"https:\/\/ciclovias.es\/en\/producto\/lane-separator-with-poliflexy-vertical-panel\/","url":"https:\/\/ciclovias.es\/en\/producto\/lane-separator-with-poliflexy-vertical-panel\/","name":"Lane Separator with Poliflexy Vertical Panel - ciclopistas.com","isPartOf":{"@id":"https:\/\/ciclovias.es\/#website"},"primaryImageOfPage":{"@id":"https:\/\/ciclovias.es\/en\/producto\/lane-separator-with-poliflexy-vertical-panel\/#primaryimage"},"image":{"@id":"https:\/\/ciclovias.es\/en\/producto\/lane-separator-with-poliflexy-vertical-panel\/#primaryimage"},"thumbnailUrl":"https:\/\/ciclovias.es\/wp-content\/uploads\/2024\/06\/Producto-Ciclopistas-23.webp","datePublished":"2024-06-30T15:41:21+00:00","dateModified":"2024-08-20T17:47:24+00:00","description":"Dare to discover the Lane Separator with Poliflexy Vertical Panel, the versatile and safe solution to direct transit and maintain bike ways safe.","breadcrumb":{"@id":"https:\/\/ciclovias.es\/en\/producto\/lane-separator-with-poliflexy-vertical-panel\/#breadcrumb"},"inLanguage":"en-US","potentialAction":[{"@type":"ReadAction","target":["https:\/\/ciclovias.es\/en\/producto\/lane-separator-with-poliflexy-vertical-panel\/"]}]},{"@type":"ImageObject","inLanguage":"en-US","@id":"https:\/\/ciclovias.es\/en\/producto\/lane-separator-with-poliflexy-vertical-panel\/#primaryimage","url":"https:\/\/ciclovias.es\/wp-content\/uploads\/2024\/06\/Producto-Ciclopistas-23.webp","contentUrl":"https:\/\/ciclovias.es\/wp-content\/uploads\/2024\/06\/Producto-Ciclopistas-23.webp","width":1200,"height":1200,"caption":"La Paleta Canalizadora Poliflexy 70 es una excelente opci\u00f3n para canalizar carriles de contraflujo, desviaciones o, mejor a\u00fan, ciclov\u00edas."},{"@type":"BreadcrumbList","@id":"https:\/\/ciclovias.es\/en\/producto\/lane-separator-with-poliflexy-vertical-panel\/#breadcrumb","itemListElement":[{"@type":"ListItem","position":1,"name":"Inicio","item":"https:\/\/ciclovias.es\/en\/"},{"@type":"ListItem","position":2,"name":"Tienda","item":"https:\/\/ciclovias.es\/tienda\/"},{"@type":"ListItem","position":3,"name":"Lane Separator with Poliflexy Vertical Panel"}]},{"@type":"WebSite","@id":"https:\/\/ciclovias.es\/#website","url":"https:\/\/ciclovias.es\/","name":"ciclopistas.com","description":"","publisher":{"@id":"https:\/\/ciclovias.es\/#organization"},"potentialAction":[{"@type":"SearchAction","target":{"@type":"EntryPoint","urlTemplate":"https:\/\/ciclovias.es\/?s={search_term_string}"},"query-input":"required name=search_term_string"}],"inLanguage":"en-US"},{"@type":"Organization","@id":"https:\/\/ciclovias.es\/#organization","name":"ciclopistas.com","url":"https:\/\/ciclovias.es\/","logo":{"@type":"ImageObject","inLanguage":"en-US","@id":"https:\/\/ciclovias.es\/#\/schema\/logo\/image\/","url":"https:\/\/ciclopistas.com\/wp-content\/uploads\/2024\/06\/ciclopistas.com_-1.png","contentUrl":"https:\/\/ciclopistas.com\/wp-content\/uploads\/2024\/06\/ciclopistas.com_-1.png","width":768,"height":220,"caption":"ciclopistas.com"},"image":{"@id":"https:\/\/ciclovias.es\/#\/schema\/logo\/image\/"},"sameAs":["https:\/\/www.facebook.com\/multisenal\/","https:\/\/x.com\/multisenal","https:\/\/www.instagram.com\/multisenalmx\/","https:\/\/www.linkedin.com\/company\/multisenalmexico\/","https:\/\/www.youtube.com\/@multisenaloficial"]}]}},"_links":{"self":[{"href":"https:\/\/ciclovias.es\/en\/wp-json\/wp\/v2\/product\/6591","targetHints":{"allow":["GET"]}}],"collection":[{"href":"https:\/\/ciclovias.es\/en\/wp-json\/wp\/v2\/product"}],"about":[{"href":"https:\/\/ciclovias.es\/en\/wp-json\/wp\/v2\/types\/product"}],"replies":[{"embeddable":true,"href":"https:\/\/ciclovias.es\/en\/wp-json\/wp\/v2\/comments?post=6591"}],"wp:featuredmedia":[{"embeddable":true,"href":"https:\/\/ciclovias.es\/en\/wp-json\/wp\/v2\/media\/3783"}],"wp:attachment":[{"href":"https:\/\/ciclovias.es\/en\/wp-json\/wp\/v2\/media?parent=6591"}],"wp:term":[{"taxonomy":"product_cat","embeddable":true,"href":"https:\/\/ciclovias.es\/en\/wp-json\/wp\/v2\/product_cat?post=6591"},{"taxonomy":"product_tag","embeddable":true,"href":"https:\/\/ciclovias.es\/en\/wp-json\/wp\/v2\/product_tag?post=6591"}],"curies":[{"name":"wp","href":"https:\/\/api.w.org\/{rel}","templated":true}]}}