{"id":6595,"date":"2024-06-26T15:59:38","date_gmt":"2024-06-26T15:59:38","guid":{"rendered":"https:\/\/ciclopistas.com\/?post_type=product&#038;p=6595"},"modified":"2024-08-20T17:48:20","modified_gmt":"2024-08-20T17:48:20","slug":"lane-separator-81-l","status":"publish","type":"product","link":"https:\/\/ciclovias.es\/en\/producto\/lane-separator-81-l\/","title":{"rendered":"Lane Separator 81L"},"content":{"rendered":"<p>Lane separator 81L is a road device specifically used to demarcate and confine bike lanes.<\/p>\n<p style=\"font-weight: 400;\"><strong>Key Features:<\/strong><\/p>\n<p>Resistant material: Manufactured in medium density polyethylene in one piece with round borders that ensure safety of vehicles, as cyclists and pedestrians.<\/p>\n<p>Color options: Available in yellow, green or black, providing flexibility to adapt to different environments and signage needs.<\/p>\n<p>Solar lighting system: Equipped with a solar button to maximize visibility at long distances.<\/p>\n<p>Durability and Versatility: Built to withstand the passage of heavy-duty vehicles, guaranteeing a long-life span and reducing maintenance costs.<\/p>\n<p>Ease of installation and re-location: Designed with two boreholes for an easy installation. Design allows easy stacking, optimizing transport and storage costs.<\/p>\n<p>High visibility: Reflective sheeting on both ends and one side, ensuring visibility from any angle and improving safety in low visibility conditions.<\/p>\n<p>Lane separator 81L is the ideal choice for road projects that require a clear and safe special lane demarcation, offering an optimal combination of durability, functionality and ease of use in urban and road environments.<\/p>\n<p>Avoid <a href=\"https:\/\/multisenal.com\/blog\/que-es-el-dooring-y-como-evitarlo\/\">accidents<\/a> restricting the passage of vehicles in exclusive lanes for cyclists. Help motorists to have a better guidance in their driving during low visibility journeys. This channelizer offers a great resistance and visibility.<\/p>\n<p>This tool has the perfect size to not be invasive but being protective.<\/p>\n<p style=\"font-weight: 400;\"><strong>Measurements:<\/strong><\/p>\n<p>Length: 31.8 in<br \/>\nWidth: 6.2 in<br \/>\nHeight: 3.5 in<br \/>\nHeight with light: 4.4 in<\/p>\n<p>Reflective Sheeting:White, amber or red<br \/>\nColor: Green, black or yellow.<\/p>\n<p>&nbsp;<\/p>\n<p><img fetchpriority=\"high\" decoding=\"async\" class=\"aligncenter wp-image-5138 size-full\" src=\"https:\/\/multisenal.com.mx\/wp-content\/uploads\/2021\/11\/CAN-81L-2.jpg\" alt=\"CANALIZADOR 81L\" width=\"1203\" height=\"775\" \/><\/p>\n<p>&nbsp;<\/p>\n<h4><span style=\"color: #800080;\"><strong><a style=\"color: #800080;\" href=\"https:\/\/ciclopistas.com\/\" target=\"_blank\" rel=\"noopener\">\ud83d\udeb4\u200d\u2642\ufe0f CICLOPISTAS \ud83d\udeb4\u200d\u2640\ufe0f<\/a><\/strong><\/span><\/h4>\n","protected":false},"excerpt":{"rendered":"<p><strong>Product Name: Canalizador 81L<\/strong><\/p>\n<p><strong>SKU: CAN-81L<\/strong><\/p>\n<table>\n<tbody>\n<tr>\n<td style=\"text-align: center;\"><strong>SPANISH<\/strong><\/td>\n<td style=\"text-align: center;\"><strong>ENGLISH<\/strong><\/td>\n<td style=\"text-align: center;\"><strong>360\u00ba<\/strong><\/td>\n<\/tr>\n<tr>\n<td><a href=\"https:\/\/multisenal.com.mx\/FichasTecnicas\/Canalizador-CAN81L-ES.pdf\"><img decoding=\"async\" class=\"wp-image-5524 aligncenter\" src=\"https:\/\/ciclopistas.com\/wp-content\/uploads\/2024\/06\/img-pdf-ciclopistas.webp\" alt=\"\" width=\"49\" height=\"49\" \/><\/a><\/td>\n<td><a href=\"https:\/\/multisenal.com.mx\/FichasTecnicas\/Channeler-CAN-81L-EN.pdf\"><img decoding=\"async\" class=\"wp-image-5524 aligncenter\" src=\"https:\/\/ciclopistas.com\/wp-content\/uploads\/2024\/06\/img-pdf-ciclopistas.webp\" alt=\"\" width=\"49\" height=\"49\" \/><\/a><\/td>\n<td><a href=\"https:\/\/ciclopistas.com\/renders\/canalizador-81-con-luz-modelo-360\/\"><img decoding=\"async\" class=\"wp-image-5524 aligncenter\" src=\"https:\/\/ciclopistas.com\/wp-content\/uploads\/2024\/06\/img-modelo3D.webp\" alt=\"\" width=\"49\" height=\"49\" \/><\/a><\/td>\n<\/tr>\n<\/tbody>\n<\/table>\n","protected":false},"featured_media":3810,"comment_status":"open","ping_status":"closed","template":"","meta":[],"product_cat":[73,74],"product_tag":[],"class_list":{"0":"post-6595","1":"product","2":"type-product","3":"status-publish","4":"has-post-thumbnail","6":"product_cat-solar-bike-ways","7":"product_cat-road-markers","9":"first","10":"instock","11":"shipping-taxable","12":"product-type-simple"},"yoast_head":"<!-- This site is optimized with the Yoast SEO Premium plugin v22.3 (Yoast SEO v23.0) - https:\/\/yoast.com\/wordpress\/plugins\/seo\/ -->\n<title>Lane Separator 81L - ciclopistas.com<\/title>\n<meta name=\"description\" content=\"Lane separator 81L is a road device specifically used to demarcate and confine special lanes, such as bike ways or guide traffic safely and efficiently.\" \/>\n<meta name=\"robots\" content=\"index, follow, max-snippet:-1, max-image-preview:large, max-video-preview:-1\" \/>\n<link rel=\"canonical\" href=\"https:\/\/ciclovias.es\/en\/producto\/lane-separator-81-l\/\" \/>\n<meta property=\"og:locale\" content=\"en_US\" \/>\n<meta property=\"og:type\" content=\"article\" \/>\n<meta property=\"og:title\" content=\"Lane Separator 81L\" \/>\n<meta property=\"og:description\" content=\"Lane separator 81L is a road device specifically used to demarcate and confine special lanes, such as bike ways or guide traffic safely and efficiently.\" \/>\n<meta property=\"og:url\" content=\"https:\/\/ciclovias.es\/en\/producto\/lane-separator-81-l\/\" \/>\n<meta property=\"og:site_name\" content=\"ciclopistas.com\" \/>\n<meta property=\"article:publisher\" content=\"https:\/\/www.facebook.com\/multisenal\/\" \/>\n<meta property=\"article:modified_time\" content=\"2024-08-20T17:48:20+00:00\" \/>\n<meta property=\"og:image\" content=\"https:\/\/ciclovias.es\/wp-content\/uploads\/2024\/06\/Producto-Ciclopistas-13.webp\" \/>\n\t<meta property=\"og:image:width\" content=\"1200\" \/>\n\t<meta property=\"og:image:height\" content=\"1200\" \/>\n\t<meta property=\"og:image:type\" content=\"image\/webp\" \/>\n<meta name=\"twitter:card\" content=\"summary_large_image\" \/>\n<meta name=\"twitter:site\" content=\"@multisenal\" \/>\n<meta name=\"twitter:label1\" content=\"Est. reading time\" \/>\n\t<meta name=\"twitter:data1\" content=\"2 minutes\" \/>\n<script type=\"application\/ld+json\" class=\"yoast-schema-graph\">{\"@context\":\"https:\/\/schema.org\",\"@graph\":[{\"@type\":\"WebPage\",\"@id\":\"https:\/\/ciclovias.es\/en\/producto\/lane-separator-81-l\/\",\"url\":\"https:\/\/ciclovias.es\/en\/producto\/lane-separator-81-l\/\",\"name\":\"Lane Separator 81L - ciclopistas.com\",\"isPartOf\":{\"@id\":\"https:\/\/ciclovias.es\/#website\"},\"primaryImageOfPage\":{\"@id\":\"https:\/\/ciclovias.es\/en\/producto\/lane-separator-81-l\/#primaryimage\"},\"image\":{\"@id\":\"https:\/\/ciclovias.es\/en\/producto\/lane-separator-81-l\/#primaryimage\"},\"thumbnailUrl\":\"https:\/\/ciclovias.es\/wp-content\/uploads\/2024\/06\/Producto-Ciclopistas-13.webp\",\"datePublished\":\"2024-06-26T15:59:38+00:00\",\"dateModified\":\"2024-08-20T17:48:20+00:00\",\"description\":\"Lane separator 81L is a road device specifically used to demarcate and confine special lanes, such as bike ways or guide traffic safely and efficiently.\",\"breadcrumb\":{\"@id\":\"https:\/\/ciclovias.es\/en\/producto\/lane-separator-81-l\/#breadcrumb\"},\"inLanguage\":\"en-US\",\"potentialAction\":[{\"@type\":\"ReadAction\",\"target\":[\"https:\/\/ciclovias.es\/en\/producto\/lane-separator-81-l\/\"]}]},{\"@type\":\"ImageObject\",\"inLanguage\":\"en-US\",\"@id\":\"https:\/\/ciclovias.es\/en\/producto\/lane-separator-81-l\/#primaryimage\",\"url\":\"https:\/\/ciclovias.es\/wp-content\/uploads\/2024\/06\/Producto-Ciclopistas-13.webp\",\"contentUrl\":\"https:\/\/ciclovias.es\/wp-content\/uploads\/2024\/06\/Producto-Ciclopistas-13.webp\",\"width\":1200,\"height\":1200,\"caption\":\"El Canalizador 81L es la opci\u00f3n perfecta tanto para confinar carriles de ciclov\u00eda como carriles especiales. Resistente y de f\u00e1cil colocaci\u00f3n.\"},{\"@type\":\"BreadcrumbList\",\"@id\":\"https:\/\/ciclovias.es\/en\/producto\/lane-separator-81-l\/#breadcrumb\",\"itemListElement\":[{\"@type\":\"ListItem\",\"position\":1,\"name\":\"Inicio\",\"item\":\"https:\/\/ciclovias.es\/en\/\"},{\"@type\":\"ListItem\",\"position\":2,\"name\":\"Tienda\",\"item\":\"https:\/\/ciclovias.es\/tienda\/\"},{\"@type\":\"ListItem\",\"position\":3,\"name\":\"Lane Separator 81L\"}]},{\"@type\":\"WebSite\",\"@id\":\"https:\/\/ciclovias.es\/#website\",\"url\":\"https:\/\/ciclovias.es\/\",\"name\":\"ciclopistas.com\",\"description\":\"\",\"publisher\":{\"@id\":\"https:\/\/ciclovias.es\/#organization\"},\"potentialAction\":[{\"@type\":\"SearchAction\",\"target\":{\"@type\":\"EntryPoint\",\"urlTemplate\":\"https:\/\/ciclovias.es\/?s={search_term_string}\"},\"query-input\":\"required name=search_term_string\"}],\"inLanguage\":\"en-US\"},{\"@type\":\"Organization\",\"@id\":\"https:\/\/ciclovias.es\/#organization\",\"name\":\"ciclopistas.com\",\"url\":\"https:\/\/ciclovias.es\/\",\"logo\":{\"@type\":\"ImageObject\",\"inLanguage\":\"en-US\",\"@id\":\"https:\/\/ciclovias.es\/#\/schema\/logo\/image\/\",\"url\":\"https:\/\/ciclopistas.com\/wp-content\/uploads\/2024\/06\/ciclopistas.com_-1.png\",\"contentUrl\":\"https:\/\/ciclopistas.com\/wp-content\/uploads\/2024\/06\/ciclopistas.com_-1.png\",\"width\":768,\"height\":220,\"caption\":\"ciclopistas.com\"},\"image\":{\"@id\":\"https:\/\/ciclovias.es\/#\/schema\/logo\/image\/\"},\"sameAs\":[\"https:\/\/www.facebook.com\/multisenal\/\",\"https:\/\/x.com\/multisenal\",\"https:\/\/www.instagram.com\/multisenalmx\/\",\"https:\/\/www.linkedin.com\/company\/multisenalmexico\/\",\"https:\/\/www.youtube.com\/@multisenaloficial\"]}]}<\/script>\n<!-- \/ Yoast SEO Premium plugin. -->","yoast_head_json":{"title":"Lane Separator 81L - ciclopistas.com","description":"Lane separator 81L is a road device specifically used to demarcate and confine special lanes, such as bike ways or guide traffic safely and efficiently.","robots":{"index":"index","follow":"follow","max-snippet":"max-snippet:-1","max-image-preview":"max-image-preview:large","max-video-preview":"max-video-preview:-1"},"canonical":"https:\/\/ciclovias.es\/en\/producto\/lane-separator-81-l\/","og_locale":"en_US","og_type":"article","og_title":"Lane Separator 81L","og_description":"Lane separator 81L is a road device specifically used to demarcate and confine special lanes, such as bike ways or guide traffic safely and efficiently.","og_url":"https:\/\/ciclovias.es\/en\/producto\/lane-separator-81-l\/","og_site_name":"ciclopistas.com","article_publisher":"https:\/\/www.facebook.com\/multisenal\/","article_modified_time":"2024-08-20T17:48:20+00:00","og_image":[{"width":1200,"height":1200,"url":"https:\/\/ciclovias.es\/wp-content\/uploads\/2024\/06\/Producto-Ciclopistas-13.webp","type":"image\/webp"}],"twitter_card":"summary_large_image","twitter_site":"@multisenal","twitter_misc":{"Est. reading time":"2 minutes"},"schema":{"@context":"https:\/\/schema.org","@graph":[{"@type":"WebPage","@id":"https:\/\/ciclovias.es\/en\/producto\/lane-separator-81-l\/","url":"https:\/\/ciclovias.es\/en\/producto\/lane-separator-81-l\/","name":"Lane Separator 81L - ciclopistas.com","isPartOf":{"@id":"https:\/\/ciclovias.es\/#website"},"primaryImageOfPage":{"@id":"https:\/\/ciclovias.es\/en\/producto\/lane-separator-81-l\/#primaryimage"},"image":{"@id":"https:\/\/ciclovias.es\/en\/producto\/lane-separator-81-l\/#primaryimage"},"thumbnailUrl":"https:\/\/ciclovias.es\/wp-content\/uploads\/2024\/06\/Producto-Ciclopistas-13.webp","datePublished":"2024-06-26T15:59:38+00:00","dateModified":"2024-08-20T17:48:20+00:00","description":"Lane separator 81L is a road device specifically used to demarcate and confine special lanes, such as bike ways or guide traffic safely and efficiently.","breadcrumb":{"@id":"https:\/\/ciclovias.es\/en\/producto\/lane-separator-81-l\/#breadcrumb"},"inLanguage":"en-US","potentialAction":[{"@type":"ReadAction","target":["https:\/\/ciclovias.es\/en\/producto\/lane-separator-81-l\/"]}]},{"@type":"ImageObject","inLanguage":"en-US","@id":"https:\/\/ciclovias.es\/en\/producto\/lane-separator-81-l\/#primaryimage","url":"https:\/\/ciclovias.es\/wp-content\/uploads\/2024\/06\/Producto-Ciclopistas-13.webp","contentUrl":"https:\/\/ciclovias.es\/wp-content\/uploads\/2024\/06\/Producto-Ciclopistas-13.webp","width":1200,"height":1200,"caption":"El Canalizador 81L es la opci\u00f3n perfecta tanto para confinar carriles de ciclov\u00eda como carriles especiales. Resistente y de f\u00e1cil colocaci\u00f3n."},{"@type":"BreadcrumbList","@id":"https:\/\/ciclovias.es\/en\/producto\/lane-separator-81-l\/#breadcrumb","itemListElement":[{"@type":"ListItem","position":1,"name":"Inicio","item":"https:\/\/ciclovias.es\/en\/"},{"@type":"ListItem","position":2,"name":"Tienda","item":"https:\/\/ciclovias.es\/tienda\/"},{"@type":"ListItem","position":3,"name":"Lane Separator 81L"}]},{"@type":"WebSite","@id":"https:\/\/ciclovias.es\/#website","url":"https:\/\/ciclovias.es\/","name":"ciclopistas.com","description":"","publisher":{"@id":"https:\/\/ciclovias.es\/#organization"},"potentialAction":[{"@type":"SearchAction","target":{"@type":"EntryPoint","urlTemplate":"https:\/\/ciclovias.es\/?s={search_term_string}"},"query-input":"required name=search_term_string"}],"inLanguage":"en-US"},{"@type":"Organization","@id":"https:\/\/ciclovias.es\/#organization","name":"ciclopistas.com","url":"https:\/\/ciclovias.es\/","logo":{"@type":"ImageObject","inLanguage":"en-US","@id":"https:\/\/ciclovias.es\/#\/schema\/logo\/image\/","url":"https:\/\/ciclopistas.com\/wp-content\/uploads\/2024\/06\/ciclopistas.com_-1.png","contentUrl":"https:\/\/ciclopistas.com\/wp-content\/uploads\/2024\/06\/ciclopistas.com_-1.png","width":768,"height":220,"caption":"ciclopistas.com"},"image":{"@id":"https:\/\/ciclovias.es\/#\/schema\/logo\/image\/"},"sameAs":["https:\/\/www.facebook.com\/multisenal\/","https:\/\/x.com\/multisenal","https:\/\/www.instagram.com\/multisenalmx\/","https:\/\/www.linkedin.com\/company\/multisenalmexico\/","https:\/\/www.youtube.com\/@multisenaloficial"]}]}},"_links":{"self":[{"href":"https:\/\/ciclovias.es\/en\/wp-json\/wp\/v2\/product\/6595","targetHints":{"allow":["GET"]}}],"collection":[{"href":"https:\/\/ciclovias.es\/en\/wp-json\/wp\/v2\/product"}],"about":[{"href":"https:\/\/ciclovias.es\/en\/wp-json\/wp\/v2\/types\/product"}],"replies":[{"embeddable":true,"href":"https:\/\/ciclovias.es\/en\/wp-json\/wp\/v2\/comments?post=6595"}],"wp:featuredmedia":[{"embeddable":true,"href":"https:\/\/ciclovias.es\/en\/wp-json\/wp\/v2\/media\/3810"}],"wp:attachment":[{"href":"https:\/\/ciclovias.es\/en\/wp-json\/wp\/v2\/media?parent=6595"}],"wp:term":[{"taxonomy":"product_cat","embeddable":true,"href":"https:\/\/ciclovias.es\/en\/wp-json\/wp\/v2\/product_cat?post=6595"},{"taxonomy":"product_tag","embeddable":true,"href":"https:\/\/ciclovias.es\/en\/wp-json\/wp\/v2\/product_tag?post=6595"}],"curies":[{"name":"wp","href":"https:\/\/api.w.org\/{rel}","templated":true}]}}