{"id":6596,"date":"2024-06-25T16:02:45","date_gmt":"2024-06-25T16:02:45","guid":{"rendered":"https:\/\/ciclopistas.com\/?post_type=product&#038;p=6596"},"modified":"2024-08-20T17:48:35","modified_gmt":"2024-08-20T17:48:35","slug":"solar-road-stud","status":"publish","type":"product","link":"https:\/\/ciclovias.es\/en\/producto\/solar-road-stud\/","title":{"rendered":"Solar Road Stud"},"content":{"rendered":"<p>Solar road stud is the perfect choice to guarantee safety and visibility in any <a href=\"https:\/\/multisenal.com.mx\/blog\/ciclovia-emergente-que-es\/\">bike route<\/a>, thanks to its innovative design and advanced technology.<\/p>\n<p style=\"font-weight: 400;\"><strong>Key Features:<\/strong><\/p>\n<p>Self-sufficiency: Equipped with self-rechargeable solar panels, solar road studs light road. To clarify, these recharge during day and automatically light at night, ensuring a constant and reliable visibility.<\/p>\n<p>Functional and aesthetic design: Pyramid shaped in amber color that provides more than elegance to the environment, also improves significantly the road visibility. Ideal for bike routes, bike lanes, shared bus-bike lane or any cyclist lane, these road studs are indispensable to sign and guide motorists effectively.<\/p>\n<p>Robustness and Durability: Constructed in high resistance crystal poly-carbonate. Resistant to friction, abrasion and impacts that guarantee a long life span even in the strictest conditions.<\/p>\n<p>High visibility and luminous efficiency: Equipped with ultra-bright LEDs in amber or red color that offer a luminous intensity.The flashing sequence maximize motorists\u2019 attention, improving road safety in any climate condition.<\/p>\n<p>Versatile application: Available in unidirectional or bidirectional configuration, road studs can be used to mark one way or both ways of bike path, adapting to different signage needs.<\/p>\n<p>JVM intelligent system: electronic circuit of JVM power, that synchronize flashing of chevrons at the same time.<\/p>\n<p style=\"font-weight: 400;\"><strong>Technical specifications:<\/strong><\/p>\n<p style=\"font-weight: 400;\">&#8211; **Dimensions:** Length: 4.6 in, width 4.6 in, height: 0.9 in<\/p>\n<p style=\"font-weight: 400;\">&#8211; **LED Colors:** Amber or red<\/p>\n<p style=\"font-weight: 400;\">&#8211; **LED Life Span:** Around 100,000 hours<\/p>\n<p style=\"font-weight: 400;\">&#8211; **Battery Capacity:** 650 mA without memory effect<\/p>\n<p style=\"font-weight: 400;\">&#8211; **Circuit Efficiency:** Works up to 36 hours with at least 7 charging hours under direct sunlight<\/p>\n<p style=\"font-weight: 400;\"><strong>General features of Solar Road stud:<\/strong><\/p>\n<ul>\n<li>High resistance to friction, abrasion, shocks and impacts.<\/li>\n<li>Body without cutting edges neither borders.<\/li>\n<li>In addition, to guide the road, is functional as speed bump.<\/li>\n<li>Self-rechargeable mini solar panel.<\/li>\n<li>Automatic ON\/OFF system.<\/li>\n<li>Incorporates a solar technology on its design.<\/li>\n<li>Efficient flashing light emitting diode.<\/li>\n<li>Great visibility in any climate condition.<\/li>\n<li>Can be one face to mark one way or two faces to mark two ways.<\/li>\n<li>Lighting made of ultra-bright LEDs.<\/li>\n<li>Manufactured in crystalline poly-carbonate of high resistance.<\/li>\n<li>Self-sufficient road stud ideal to channelize bike lanes in city or highway.<\/li>\n<\/ul>\n<p style=\"font-weight: 400;\"><strong>Electronic system specifications:<\/strong><\/p>\n<p>Mini solar panel of silicon<\/p>\n<p>Automatic ON at dawn<\/p>\n<p>LED quantity: 1 to 5 in 1 or 2 faces (unidirectional or bidirectional).<\/p>\n<p>Rechargeable long durability batteries of: NK-MTH.<\/p>\n<p>Battery capacity without suffering memory effect: 650 mA.<\/p>\n<p>Flashing light sequence<\/p>\n<p>Body color: Amber<\/p>\n<p>Approximate distance of LED visibility: 984 ft<\/p>\n<p>Explore more exclusive products for bike routes, <a href=\"https:\/\/ciclopistas.com\/productos-ciclovias\/\">here<\/a>.<\/p>\n<figure id=\"attachment_5205\" aria-describedby=\"caption-attachment-5205\" style=\"width: 911px\" class=\"wp-caption aligncenter\"><img fetchpriority=\"high\" decoding=\"async\" class=\"wp-image-5205\" title=\"Vialetas Solares\" src=\"https:\/\/multisenal.com.mx\/wp-content\/uploads\/2019\/07\/SOLARIS-2.jpg\" alt=\"Vialetas Solares\" width=\"911\" height=\"469\" \/><figcaption id=\"caption-attachment-5205\" class=\"wp-caption-text\">Solaris G-S12 Road Stud<\/figcaption><\/figure>\n<p>&nbsp;<\/p>\n","protected":false},"excerpt":{"rendered":"<p><strong>Product Name: Vialeta Solaris<\/strong><\/p>\n<p><strong>SKU: G-S12<\/strong><\/p>\n<table>\n<tbody>\n<tr>\n<td style=\"text-align: center;\"><strong>SPANISH<\/strong><\/td>\n<td style=\"text-align: center;\"><strong>ENGLISH<\/strong><\/td>\n<td style=\"text-align: center;\"><strong>360\u00ba<\/strong><\/td>\n<\/tr>\n<tr>\n<td><a href=\"https:\/\/multisenal.com.mx\/FichasTecnicas\/Vialeta-G-S12-ES.pdf\"><img decoding=\"async\" class=\"wp-image-5524 aligncenter\" src=\"https:\/\/ciclopistas.com\/wp-content\/uploads\/2024\/06\/img-pdf-ciclopistas.webp\" alt=\"\" width=\"49\" height=\"49\" \/><\/a><\/td>\n<td><a href=\"https:\/\/multisenal.com.mx\/FichasTecnicas\/Vialeta-G-S12-EN.pdf\"><img decoding=\"async\" class=\"wp-image-5524 aligncenter\" src=\"https:\/\/ciclopistas.com\/wp-content\/uploads\/2024\/06\/img-pdf-ciclopistas.webp\" alt=\"\" width=\"49\" height=\"49\" \/><\/a><\/td>\n<td><a href=\"https:\/\/ciclopistas.com\/renders\/vialeta-solaris-modelo-360\/\"><img decoding=\"async\" class=\"wp-image-5524 aligncenter\" src=\"https:\/\/ciclopistas.com\/wp-content\/uploads\/2024\/06\/img-modelo3D.webp\" alt=\"\" width=\"49\" height=\"49\" \/><\/a><\/td>\n<\/tr>\n<\/tbody>\n<\/table>\n","protected":false},"featured_media":3806,"comment_status":"open","ping_status":"closed","template":"","meta":[],"product_cat":[73],"product_tag":[],"class_list":{"0":"post-6596","1":"product","2":"type-product","3":"status-publish","4":"has-post-thumbnail","6":"product_cat-solar-bike-ways","8":"first","9":"instock","10":"shipping-taxable","11":"product-type-simple"},"yoast_head":"<!-- This site is optimized with the Yoast SEO Premium plugin v22.3 (Yoast SEO v23.0) - https:\/\/yoast.com\/wordpress\/plugins\/seo\/ -->\n<title>Solar Road Stud - ciclopistas.com<\/title>\n<meta name=\"description\" content=\"Solar road stud is the perfect choice to guarantee safety and visibility in any road, included bike routes, thanks to their innovative design\" \/>\n<meta name=\"robots\" content=\"index, follow, max-snippet:-1, max-image-preview:large, max-video-preview:-1\" \/>\n<link rel=\"canonical\" href=\"https:\/\/ciclovias.es\/en\/producto\/solar-road-stud\/\" \/>\n<meta property=\"og:locale\" content=\"en_US\" \/>\n<meta property=\"og:type\" content=\"article\" \/>\n<meta property=\"og:title\" content=\"Solar Road Stud\" \/>\n<meta property=\"og:description\" content=\"Solar road stud is the perfect choice to guarantee safety and visibility in any road, included bike routes, thanks to their innovative design\" \/>\n<meta property=\"og:url\" content=\"https:\/\/ciclovias.es\/en\/producto\/solar-road-stud\/\" \/>\n<meta property=\"og:site_name\" content=\"ciclopistas.com\" \/>\n<meta property=\"article:publisher\" content=\"https:\/\/www.facebook.com\/multisenal\/\" \/>\n<meta property=\"article:modified_time\" content=\"2024-08-20T17:48:35+00:00\" \/>\n<meta property=\"og:image\" content=\"https:\/\/ciclovias.es\/wp-content\/uploads\/2024\/06\/Producto-Ciclopistas-37.webp\" \/>\n\t<meta property=\"og:image:width\" content=\"1200\" \/>\n\t<meta property=\"og:image:height\" content=\"1200\" \/>\n\t<meta property=\"og:image:type\" content=\"image\/webp\" \/>\n<meta name=\"twitter:card\" content=\"summary_large_image\" \/>\n<meta name=\"twitter:site\" content=\"@multisenal\" \/>\n<meta name=\"twitter:label1\" content=\"Est. reading time\" \/>\n\t<meta name=\"twitter:data1\" content=\"3 minutes\" \/>\n<script type=\"application\/ld+json\" class=\"yoast-schema-graph\">{\"@context\":\"https:\/\/schema.org\",\"@graph\":[{\"@type\":\"WebPage\",\"@id\":\"https:\/\/ciclovias.es\/en\/producto\/solar-road-stud\/\",\"url\":\"https:\/\/ciclovias.es\/en\/producto\/solar-road-stud\/\",\"name\":\"Solar Road Stud - ciclopistas.com\",\"isPartOf\":{\"@id\":\"https:\/\/ciclovias.es\/#website\"},\"primaryImageOfPage\":{\"@id\":\"https:\/\/ciclovias.es\/en\/producto\/solar-road-stud\/#primaryimage\"},\"image\":{\"@id\":\"https:\/\/ciclovias.es\/en\/producto\/solar-road-stud\/#primaryimage\"},\"thumbnailUrl\":\"https:\/\/ciclovias.es\/wp-content\/uploads\/2024\/06\/Producto-Ciclopistas-37.webp\",\"datePublished\":\"2024-06-25T16:02:45+00:00\",\"dateModified\":\"2024-08-20T17:48:35+00:00\",\"description\":\"Solar road stud is the perfect choice to guarantee safety and visibility in any road, included bike routes, thanks to their innovative design\",\"breadcrumb\":{\"@id\":\"https:\/\/ciclovias.es\/en\/producto\/solar-road-stud\/#breadcrumb\"},\"inLanguage\":\"en-US\",\"potentialAction\":[{\"@type\":\"ReadAction\",\"target\":[\"https:\/\/ciclovias.es\/en\/producto\/solar-road-stud\/\"]}]},{\"@type\":\"ImageObject\",\"inLanguage\":\"en-US\",\"@id\":\"https:\/\/ciclovias.es\/en\/producto\/solar-road-stud\/#primaryimage\",\"url\":\"https:\/\/ciclovias.es\/wp-content\/uploads\/2024\/06\/Producto-Ciclopistas-37.webp\",\"contentUrl\":\"https:\/\/ciclovias.es\/wp-content\/uploads\/2024\/06\/Producto-Ciclopistas-37.webp\",\"width\":1200,\"height\":1200,\"caption\":\"Las Vialetas Solares ayudan a delimitar carriles y ciclov\u00edas, con funci\u00f3n solar led y sistemas inteligente JVM para la sincronizaci\u00f3n del parpadeo\u00a0\"},{\"@type\":\"BreadcrumbList\",\"@id\":\"https:\/\/ciclovias.es\/en\/producto\/solar-road-stud\/#breadcrumb\",\"itemListElement\":[{\"@type\":\"ListItem\",\"position\":1,\"name\":\"Inicio\",\"item\":\"https:\/\/ciclovias.es\/en\/\"},{\"@type\":\"ListItem\",\"position\":2,\"name\":\"Tienda\",\"item\":\"https:\/\/ciclovias.es\/tienda\/\"},{\"@type\":\"ListItem\",\"position\":3,\"name\":\"Solar Road Stud\"}]},{\"@type\":\"WebSite\",\"@id\":\"https:\/\/ciclovias.es\/#website\",\"url\":\"https:\/\/ciclovias.es\/\",\"name\":\"ciclopistas.com\",\"description\":\"\",\"publisher\":{\"@id\":\"https:\/\/ciclovias.es\/#organization\"},\"potentialAction\":[{\"@type\":\"SearchAction\",\"target\":{\"@type\":\"EntryPoint\",\"urlTemplate\":\"https:\/\/ciclovias.es\/?s={search_term_string}\"},\"query-input\":\"required name=search_term_string\"}],\"inLanguage\":\"en-US\"},{\"@type\":\"Organization\",\"@id\":\"https:\/\/ciclovias.es\/#organization\",\"name\":\"ciclopistas.com\",\"url\":\"https:\/\/ciclovias.es\/\",\"logo\":{\"@type\":\"ImageObject\",\"inLanguage\":\"en-US\",\"@id\":\"https:\/\/ciclovias.es\/#\/schema\/logo\/image\/\",\"url\":\"https:\/\/ciclopistas.com\/wp-content\/uploads\/2024\/06\/ciclopistas.com_-1.png\",\"contentUrl\":\"https:\/\/ciclopistas.com\/wp-content\/uploads\/2024\/06\/ciclopistas.com_-1.png\",\"width\":768,\"height\":220,\"caption\":\"ciclopistas.com\"},\"image\":{\"@id\":\"https:\/\/ciclovias.es\/#\/schema\/logo\/image\/\"},\"sameAs\":[\"https:\/\/www.facebook.com\/multisenal\/\",\"https:\/\/x.com\/multisenal\",\"https:\/\/www.instagram.com\/multisenalmx\/\",\"https:\/\/www.linkedin.com\/company\/multisenalmexico\/\",\"https:\/\/www.youtube.com\/@multisenaloficial\"]}]}<\/script>\n<!-- \/ Yoast SEO Premium plugin. -->","yoast_head_json":{"title":"Solar Road Stud - ciclopistas.com","description":"Solar road stud is the perfect choice to guarantee safety and visibility in any road, included bike routes, thanks to their innovative design","robots":{"index":"index","follow":"follow","max-snippet":"max-snippet:-1","max-image-preview":"max-image-preview:large","max-video-preview":"max-video-preview:-1"},"canonical":"https:\/\/ciclovias.es\/en\/producto\/solar-road-stud\/","og_locale":"en_US","og_type":"article","og_title":"Solar Road Stud","og_description":"Solar road stud is the perfect choice to guarantee safety and visibility in any road, included bike routes, thanks to their innovative design","og_url":"https:\/\/ciclovias.es\/en\/producto\/solar-road-stud\/","og_site_name":"ciclopistas.com","article_publisher":"https:\/\/www.facebook.com\/multisenal\/","article_modified_time":"2024-08-20T17:48:35+00:00","og_image":[{"width":1200,"height":1200,"url":"https:\/\/ciclovias.es\/wp-content\/uploads\/2024\/06\/Producto-Ciclopistas-37.webp","type":"image\/webp"}],"twitter_card":"summary_large_image","twitter_site":"@multisenal","twitter_misc":{"Est. reading time":"3 minutes"},"schema":{"@context":"https:\/\/schema.org","@graph":[{"@type":"WebPage","@id":"https:\/\/ciclovias.es\/en\/producto\/solar-road-stud\/","url":"https:\/\/ciclovias.es\/en\/producto\/solar-road-stud\/","name":"Solar Road Stud - ciclopistas.com","isPartOf":{"@id":"https:\/\/ciclovias.es\/#website"},"primaryImageOfPage":{"@id":"https:\/\/ciclovias.es\/en\/producto\/solar-road-stud\/#primaryimage"},"image":{"@id":"https:\/\/ciclovias.es\/en\/producto\/solar-road-stud\/#primaryimage"},"thumbnailUrl":"https:\/\/ciclovias.es\/wp-content\/uploads\/2024\/06\/Producto-Ciclopistas-37.webp","datePublished":"2024-06-25T16:02:45+00:00","dateModified":"2024-08-20T17:48:35+00:00","description":"Solar road stud is the perfect choice to guarantee safety and visibility in any road, included bike routes, thanks to their innovative design","breadcrumb":{"@id":"https:\/\/ciclovias.es\/en\/producto\/solar-road-stud\/#breadcrumb"},"inLanguage":"en-US","potentialAction":[{"@type":"ReadAction","target":["https:\/\/ciclovias.es\/en\/producto\/solar-road-stud\/"]}]},{"@type":"ImageObject","inLanguage":"en-US","@id":"https:\/\/ciclovias.es\/en\/producto\/solar-road-stud\/#primaryimage","url":"https:\/\/ciclovias.es\/wp-content\/uploads\/2024\/06\/Producto-Ciclopistas-37.webp","contentUrl":"https:\/\/ciclovias.es\/wp-content\/uploads\/2024\/06\/Producto-Ciclopistas-37.webp","width":1200,"height":1200,"caption":"Las Vialetas Solares ayudan a delimitar carriles y ciclov\u00edas, con funci\u00f3n solar led y sistemas inteligente JVM para la sincronizaci\u00f3n del parpadeo\u00a0"},{"@type":"BreadcrumbList","@id":"https:\/\/ciclovias.es\/en\/producto\/solar-road-stud\/#breadcrumb","itemListElement":[{"@type":"ListItem","position":1,"name":"Inicio","item":"https:\/\/ciclovias.es\/en\/"},{"@type":"ListItem","position":2,"name":"Tienda","item":"https:\/\/ciclovias.es\/tienda\/"},{"@type":"ListItem","position":3,"name":"Solar Road Stud"}]},{"@type":"WebSite","@id":"https:\/\/ciclovias.es\/#website","url":"https:\/\/ciclovias.es\/","name":"ciclopistas.com","description":"","publisher":{"@id":"https:\/\/ciclovias.es\/#organization"},"potentialAction":[{"@type":"SearchAction","target":{"@type":"EntryPoint","urlTemplate":"https:\/\/ciclovias.es\/?s={search_term_string}"},"query-input":"required name=search_term_string"}],"inLanguage":"en-US"},{"@type":"Organization","@id":"https:\/\/ciclovias.es\/#organization","name":"ciclopistas.com","url":"https:\/\/ciclovias.es\/","logo":{"@type":"ImageObject","inLanguage":"en-US","@id":"https:\/\/ciclovias.es\/#\/schema\/logo\/image\/","url":"https:\/\/ciclopistas.com\/wp-content\/uploads\/2024\/06\/ciclopistas.com_-1.png","contentUrl":"https:\/\/ciclopistas.com\/wp-content\/uploads\/2024\/06\/ciclopistas.com_-1.png","width":768,"height":220,"caption":"ciclopistas.com"},"image":{"@id":"https:\/\/ciclovias.es\/#\/schema\/logo\/image\/"},"sameAs":["https:\/\/www.facebook.com\/multisenal\/","https:\/\/x.com\/multisenal","https:\/\/www.instagram.com\/multisenalmx\/","https:\/\/www.linkedin.com\/company\/multisenalmexico\/","https:\/\/www.youtube.com\/@multisenaloficial"]}]}},"_links":{"self":[{"href":"https:\/\/ciclovias.es\/en\/wp-json\/wp\/v2\/product\/6596","targetHints":{"allow":["GET"]}}],"collection":[{"href":"https:\/\/ciclovias.es\/en\/wp-json\/wp\/v2\/product"}],"about":[{"href":"https:\/\/ciclovias.es\/en\/wp-json\/wp\/v2\/types\/product"}],"replies":[{"embeddable":true,"href":"https:\/\/ciclovias.es\/en\/wp-json\/wp\/v2\/comments?post=6596"}],"wp:featuredmedia":[{"embeddable":true,"href":"https:\/\/ciclovias.es\/en\/wp-json\/wp\/v2\/media\/3806"}],"wp:attachment":[{"href":"https:\/\/ciclovias.es\/en\/wp-json\/wp\/v2\/media?parent=6596"}],"wp:term":[{"taxonomy":"product_cat","embeddable":true,"href":"https:\/\/ciclovias.es\/en\/wp-json\/wp\/v2\/product_cat?post=6596"},{"taxonomy":"product_tag","embeddable":true,"href":"https:\/\/ciclovias.es\/en\/wp-json\/wp\/v2\/product_tag?post=6596"}],"curies":[{"name":"wp","href":"https:\/\/api.w.org\/{rel}","templated":true}]}}